{"id":4800,"date":"2023-11-27T10:31:40","date_gmt":"2023-11-27T09:31:40","guid":{"rendered":"https:\/\/spee-advocaten.nl\/?page_id=4800"},"modified":"2024-10-29T16:39:21","modified_gmt":"2024-10-29T15:39:21","slug":"mediation","status":"publish","type":"page","link":"https:\/\/spee-advocaten.nl\/de\/mediation\/","title":{"rendered":"Mediation im Allgemeinem"},"content":{"rendered":"<div data-elementor-type=\"wp-page\" data-elementor-id=\"4800\" class=\"elementor elementor-4800\" data-elementor-post-type=\"page\">\n\t\t\t\t<div class=\"elementor-element elementor-element-b3584bb e-con-full seperator-line-overlay e-flex e-con e-parent\" data-id=\"b3584bb\" data-element_type=\"container\" data-e-type=\"container\" data-settings=\"{&quot;background_background&quot;:&quot;classic&quot;}\">\n\t\t\t\t<\/div>\n\t\t<div class=\"elementor-element elementor-element-381a183 seperator-line-overlay e-flex e-con-boxed e-con e-parent\" data-id=\"381a183\" data-element_type=\"container\" data-e-type=\"container\">\n\t\t\t\t\t<div class=\"e-con-inner\">\n\t\t<div class=\"elementor-element elementor-element-0f38823 e-con-full e-flex e-con e-child\" data-id=\"0f38823\" data-element_type=\"container\" data-e-type=\"container\">\n\t\t\t\t<div class=\"elementor-element elementor-element-ce1bedf elementor-widget elementor-widget-image\" data-id=\"ce1bedf\" data-element_type=\"widget\" data-e-type=\"widget\" data-widget_type=\"image.default\">\n\t\t\t\t<div class=\"elementor-widget-container\">\n\t\t\t\t\t\t\t\t\t\t\t\t\t\t\t<img fetchpriority=\"high\" decoding=\"async\" width=\"1220\" height=\"1221\" src=\"https:\/\/spee-advocaten.nl\/wp-content\/uploads\/2023\/11\/Spee-Advocaten-Mediation-2450x1024-1-copy.jpg\" class=\"attachment-full size-full wp-image-4801\" alt=\"\" srcset=\"https:\/\/spee-advocaten.nl\/wp-content\/uploads\/2023\/11\/Spee-Advocaten-Mediation-2450x1024-1-copy.jpg 1220w, https:\/\/spee-advocaten.nl\/wp-content\/uploads\/2023\/11\/Spee-Advocaten-Mediation-2450x1024-1-copy-300x300.jpg 300w, https:\/\/spee-advocaten.nl\/wp-content\/uploads\/2023\/11\/Spee-Advocaten-Mediation-2450x1024-1-copy-1024x1024.jpg 1024w, https:\/\/spee-advocaten.nl\/wp-content\/uploads\/2023\/11\/Spee-Advocaten-Mediation-2450x1024-1-copy-150x150.jpg 150w, https:\/\/spee-advocaten.nl\/wp-content\/uploads\/2023\/11\/Spee-Advocaten-Mediation-2450x1024-1-copy-768x769.jpg 768w, https:\/\/spee-advocaten.nl\/wp-content\/uploads\/2023\/11\/Spee-Advocaten-Mediation-2450x1024-1-copy-12x12.jpg 12w\" sizes=\"(max-width: 1220px) 100vw, 1220px\" \/>\t\t\t\t\t\t\t\t\t\t\t\t\t\t\t<\/div>\n\t\t\t\t<\/div>\n\t\t\t\t<\/div>\n\t\t<div class=\"elementor-element elementor-element-f1eca26 e-con-full e-flex e-con e-child\" data-id=\"f1eca26\" data-element_type=\"container\" data-e-type=\"container\">\n\t\t\t\t<div class=\"elementor-element elementor-element-8cebb7c elementor-widget elementor-widget-heading\" data-id=\"8cebb7c\" data-element_type=\"widget\" data-e-type=\"widget\" data-widget_type=\"heading.default\">\n\t\t\t\t<div class=\"elementor-widget-container\">\n\t\t\t\t\t<h2 class=\"elementor-heading-title elementor-size-default\">Mediation im Allgemeinem<\/h2>\t\t\t\t<\/div>\n\t\t\t\t<\/div>\n\t\t\t\t<div class=\"elementor-element elementor-element-3cb9617 elementor-widget elementor-widget-image\" data-id=\"3cb9617\" data-element_type=\"widget\" data-e-type=\"widget\" data-widget_type=\"image.default\">\n\t\t\t\t<div class=\"elementor-widget-container\">\n\t\t\t\t\t\t\t\t\t\t\t\t\t\t\t<img decoding=\"async\" width=\"348\" height=\"41\" src=\"https:\/\/spee-advocaten.nl\/wp-content\/uploads\/2020\/10\/seperator-spee-e1607000977873.png\" class=\"attachment-full size-full wp-image-426\" alt=\"SPEE advocaten &amp; mediation Maastricht\" srcset=\"https:\/\/spee-advocaten.nl\/wp-content\/uploads\/2020\/10\/seperator-spee-e1607000977873.png 348w, https:\/\/spee-advocaten.nl\/wp-content\/uploads\/2020\/10\/seperator-spee-e1607000977873-300x35.png 300w, https:\/\/spee-advocaten.nl\/wp-content\/uploads\/2020\/10\/seperator-spee-e1607000977873-345x41.png 345w, https:\/\/spee-advocaten.nl\/wp-content\/uploads\/2020\/10\/seperator-spee-e1607000977873-16x2.png 16w\" sizes=\"(max-width: 348px) 100vw, 348px\" \/>\t\t\t\t\t\t\t\t\t\t\t\t\t\t\t<\/div>\n\t\t\t\t<\/div>\n\t\t\t\t<div class=\"elementor-element elementor-element-e3c1ab7 elementor-widget elementor-widget-text-editor\" data-id=\"e3c1ab7\" data-element_type=\"widget\" data-e-type=\"widget\" data-widget_type=\"text-editor.default\">\n\t\t\t\t<div class=\"elementor-widget-container\">\n\t\t\t\t\t\t\t\t\t<p style=\"text-align: left;\">Mediation ist eine Form der Konfliktbew\u00e4ltigung, bei der beide Parteien unter der Leitung eines Mediators gemeinsam eine L\u00f6sung f\u00fcr einen Konflikt suchen. Manchmal gelingt dies in einer einzigen Mediationssitzung, oft ist jedoch ein umfangreicheres Mediationsverfahren mit mehreren Mediationssitzungen erforderlich. Ziel ist es, gemeinsam eine L\u00f6sung zu finden, ohne dass ein Richter eingeschaltet werden muss.<\/p>\t\t\t\t\t\t\t\t<\/div>\n\t\t\t\t<\/div>\n\t\t\t\t<div class=\"elementor-element elementor-element-8349ad0 elementor-widget elementor-widget-text-editor\" data-id=\"8349ad0\" data-element_type=\"widget\" data-e-type=\"widget\" data-widget_type=\"text-editor.default\">\n\t\t\t\t<div class=\"elementor-widget-container\">\n\t\t\t\t\t\t\t\t\t<p>Beispiele f\u00fcr Konflikte oder Situationen, in denen Mediation eingesetzt werden kann: Es gibt zum Beispiel einen Konflikt am Arbeitsplatz, oder es gibt Streit in der Familie wegen einer Erbschaft, oder zwei Partner haben gemeinsam ein Unternehmen, sind sich aber nicht einig, wie sie es f\u00fchren sollen und wollen sich trennen. Es gibt eine Scheidung und alles, was damit zusammenh\u00e4ngt (Unterhalt, Kinder, Trennung usw.).  Alles Situationen, in denen Mediation eingesetzt werden kann und eine L\u00f6sung bietet.<\/p>\t\t\t\t\t\t\t\t<\/div>\n\t\t\t\t<\/div>\n\t\t\t\t<div class=\"elementor-element elementor-element-daf9968 elementor-widget elementor-widget-text-editor\" data-id=\"daf9968\" data-element_type=\"widget\" data-e-type=\"widget\" data-widget_type=\"text-editor.default\">\n\t\t\t\t<div class=\"elementor-widget-container\">\n\t\t\t\t\t\t\t\t\t<p>SPEE Rechtsanw\u00e4lte &amp; Mediation hat zwei sehr erfahrene Mediatoren, die Ihnen gerne zur Seite stehen.<\/p>\t\t\t\t\t\t\t\t<\/div>\n\t\t\t\t<\/div>\n\t\t\t\t<div class=\"elementor-element elementor-element-27e580f elementor-widget elementor-widget-text-editor\" data-id=\"27e580f\" data-element_type=\"widget\" data-e-type=\"widget\" data-widget_type=\"text-editor.default\">\n\t\t\t\t<div class=\"elementor-widget-container\">\n\t\t\t\t\t\t\t\t\t<p><a href=\"https:\/\/spee-advocaten.nl\/de\/scheiding-en-erfrechtmediation\/\">Frau Angelique van den Eshoff<\/a>, die sich auf Familien- und Erbrechtsmediation spezialisiert hat, und <a href=\"https:\/\/spee-advocaten.nl\/de\/zakelijke-mediation\/\">Frau Monique J.E. Spee,<\/a> die sich auf Wirtschafts- und Arbeitsmediation spezialisiert hat.<\/p><p>\u00a0<\/p><p>Wenn Sie Fragen oder Interesse haben, k\u00f6nnen Sie sich gerne <a href=\"https:\/\/spee-advocaten.nl\/de\/contact\/\">Kontaktieren!<\/a> wenden<\/p>\t\t\t\t\t\t\t\t<\/div>\n\t\t\t\t<\/div>\n\t\t\t\t<\/div>\n\t\t\t\t\t<\/div>\n\t\t\t\t<\/div>\n\t\t<div class=\"elementor-element elementor-element-2f6089b e-flex e-con-boxed e-con e-parent\" data-id=\"2f6089b\" data-element_type=\"container\" data-e-type=\"container\">\n\t\t\t\t\t<div class=\"e-con-inner\">\n\t\t\t\t\t<\/div>\n\t\t\t\t<\/div>\n\t\t\t\t<\/div>","protected":false},"excerpt":{"rendered":"<p>Mediation Algemeen Mediation is een vorm van conflicthantering, waarbij beide partijen onder begeleiding van een mediator samen een oplossing zoeken voor een conflict. Soms lukt dit in \u00e9\u00e9n mediationgesprek, maar vaak is een uitgebreider mediationtraject nodig met meerdere mediationgesprekken. Het doel is om samen een oplossing te vinden zonder tussenkomst van een rechter. Voorbeelden van [&hellip;]<\/p>\n","protected":false},"author":1,"featured_media":3236,"parent":0,"menu_order":0,"comment_status":"closed","ping_status":"closed","template":"elementor_header_footer","meta":{"iawp_total_views":73,"footnotes":""},"landingspagina":[],"class_list":["post-4800","page","type-page","status-publish","has-post-thumbnail","hentry"],"_links":{"self":[{"href":"https:\/\/spee-advocaten.nl\/de\/wp-json\/wp\/v2\/pages\/4800","targetHints":{"allow":["GET"]}}],"collection":[{"href":"https:\/\/spee-advocaten.nl\/de\/wp-json\/wp\/v2\/pages"}],"about":[{"href":"https:\/\/spee-advocaten.nl\/de\/wp-json\/wp\/v2\/types\/page"}],"author":[{"embeddable":true,"href":"https:\/\/spee-advocaten.nl\/de\/wp-json\/wp\/v2\/users\/1"}],"replies":[{"embeddable":true,"href":"https:\/\/spee-advocaten.nl\/de\/wp-json\/wp\/v2\/comments?post=4800"}],"version-history":[{"count":5,"href":"https:\/\/spee-advocaten.nl\/de\/wp-json\/wp\/v2\/pages\/4800\/revisions"}],"predecessor-version":[{"id":5386,"href":"https:\/\/spee-advocaten.nl\/de\/wp-json\/wp\/v2\/pages\/4800\/revisions\/5386"}],"wp:featuredmedia":[{"embeddable":true,"href":"https:\/\/spee-advocaten.nl\/de\/wp-json\/wp\/v2\/media\/3236"}],"wp:attachment":[{"href":"https:\/\/spee-advocaten.nl\/de\/wp-json\/wp\/v2\/media?parent=4800"}],"wp:term":[{"taxonomy":"landingspagina","embeddable":true,"href":"https:\/\/spee-advocaten.nl\/de\/wp-json\/wp\/v2\/landingspagina?post=4800"}],"curies":[{"name":"wp","href":"https:\/\/api.w.org\/{rel}","templated":true}]}}