{"id":4373,"date":"2023-11-16T14:53:25","date_gmt":"2023-11-16T13:53:25","guid":{"rendered":"https:\/\/spee.043test.nl\/?page_id=4373"},"modified":"2024-08-29T13:16:21","modified_gmt":"2024-08-29T12:16:21","slug":"scheiding-en-erfrechtmediation","status":"publish","type":"page","link":"https:\/\/spee-advocaten.nl\/de\/scheiding-en-erfrechtmediation\/","title":{"rendered":"scheiding- en erfrechtmediation"},"content":{"rendered":"<div data-elementor-type=\"wp-page\" data-elementor-id=\"4373\" class=\"elementor elementor-4373\" data-elementor-post-type=\"page\">\n\t\t\t\t<div class=\"elementor-element elementor-element-b3584bb e-con-full seperator-line-overlay e-flex e-con e-parent\" data-id=\"b3584bb\" data-element_type=\"container\" data-e-type=\"container\" data-settings=\"{&quot;background_background&quot;:&quot;classic&quot;}\">\n\t\t\t\t<\/div>\n\t\t<div class=\"elementor-element elementor-element-477e3e2 seperator-line-overlay e-flex e-con-boxed e-con e-parent\" data-id=\"477e3e2\" data-element_type=\"container\" data-e-type=\"container\">\n\t\t\t\t\t<div class=\"e-con-inner\">\n\t\t<div class=\"elementor-element elementor-element-4b64457 e-con-full e-flex e-con e-child\" data-id=\"4b64457\" data-element_type=\"container\" data-e-type=\"container\">\n\t\t\t\t<div class=\"elementor-element elementor-element-1b661a2 elementor-widget elementor-widget-image\" data-id=\"1b661a2\" data-element_type=\"widget\" data-e-type=\"widget\" data-widget_type=\"image.default\">\n\t\t\t\t<div class=\"elementor-widget-container\">\n\t\t\t\t\t\t\t\t\t\t\t\t\t\t\t<img fetchpriority=\"high\" decoding=\"async\" width=\"800\" height=\"800\" src=\"https:\/\/spee-advocaten.nl\/wp-content\/uploads\/2023\/06\/Spee-Advocaten-Angelique_7872.jpeg\" class=\"attachment-full size-full wp-image-3215\" alt=\"SPEE advocaten &amp; mediation Maastricht\" srcset=\"https:\/\/spee-advocaten.nl\/wp-content\/uploads\/2023\/06\/Spee-Advocaten-Angelique_7872.jpeg 800w, https:\/\/spee-advocaten.nl\/wp-content\/uploads\/2023\/06\/Spee-Advocaten-Angelique_7872-300x300.jpeg 300w, https:\/\/spee-advocaten.nl\/wp-content\/uploads\/2023\/06\/Spee-Advocaten-Angelique_7872-150x150.jpeg 150w, https:\/\/spee-advocaten.nl\/wp-content\/uploads\/2023\/06\/Spee-Advocaten-Angelique_7872-768x768.jpeg 768w, https:\/\/spee-advocaten.nl\/wp-content\/uploads\/2023\/06\/Spee-Advocaten-Angelique_7872-12x12.jpeg 12w, https:\/\/spee-advocaten.nl\/wp-content\/uploads\/2023\/06\/Spee-Advocaten-Angelique_7872-570x570.jpeg 570w, https:\/\/spee-advocaten.nl\/wp-content\/uploads\/2023\/06\/Spee-Advocaten-Angelique_7872-500x500.jpeg 500w, https:\/\/spee-advocaten.nl\/wp-content\/uploads\/2023\/06\/Spee-Advocaten-Angelique_7872-700x700.jpeg 700w\" sizes=\"(max-width: 800px) 100vw, 800px\" \/>\t\t\t\t\t\t\t\t\t\t\t\t\t\t\t<\/div>\n\t\t\t\t<\/div>\n\t\t\t\t<div class=\"elementor-element elementor-element-ea83477 elementor-widget__width-initial elementor-hidden-mobile elementor-align-center elementor-widget elementor-widget-button\" data-id=\"ea83477\" data-element_type=\"widget\" data-e-type=\"widget\" data-widget_type=\"button.default\">\n\t\t\t\t<div class=\"elementor-widget-container\">\n\t\t\t\t\t\t\t\t\t<div class=\"elementor-button-wrapper\">\n\t\t\t\t\t<a class=\"elementor-button elementor-button-link elementor-size-sm\" href=\"https:\/\/spee-advocaten.nl\/de\/testimonials\/angelique\/\">\n\t\t\t\t\t\t<span class=\"elementor-button-content-wrapper\">\n\t\t\t\t\t\t\t\t\t<span class=\"elementor-button-text\">Mediationsteilnehmer \u00fcber mich<\/span>\n\t\t\t\t\t<\/span>\n\t\t\t\t\t<\/a>\n\t\t\t\t<\/div>\n\t\t\t\t\t\t\t\t<\/div>\n\t\t\t\t<\/div>\n\t\t\t\t<\/div>\n\t\t<div class=\"elementor-element elementor-element-3c02c6d e-con-full e-flex e-con e-child\" data-id=\"3c02c6d\" data-element_type=\"container\" data-e-type=\"container\">\n\t\t\t\t<div class=\"elementor-element elementor-element-8cebb7c elementor-widget elementor-widget-heading\" data-id=\"8cebb7c\" data-element_type=\"widget\" data-e-type=\"widget\" data-widget_type=\"heading.default\">\n\t\t\t\t<div class=\"elementor-widget-container\">\n\t\t\t\t\t<h2 class=\"elementor-heading-title elementor-size-default\">scheidungs- und erbschaftsmediatorin<\/h2>\t\t\t\t<\/div>\n\t\t\t\t<\/div>\n\t\t\t\t<div class=\"elementor-element elementor-element-3cb9617 elementor-widget elementor-widget-image\" data-id=\"3cb9617\" data-element_type=\"widget\" data-e-type=\"widget\" data-widget_type=\"image.default\">\n\t\t\t\t<div class=\"elementor-widget-container\">\n\t\t\t\t\t\t\t\t\t\t\t\t\t\t\t<img decoding=\"async\" width=\"348\" height=\"41\" src=\"https:\/\/spee-advocaten.nl\/wp-content\/uploads\/2020\/10\/seperator-spee-e1607000977873.png\" class=\"attachment-full size-full wp-image-426\" alt=\"SPEE advocaten &amp; mediation Maastricht\" srcset=\"https:\/\/spee-advocaten.nl\/wp-content\/uploads\/2020\/10\/seperator-spee-e1607000977873.png 348w, https:\/\/spee-advocaten.nl\/wp-content\/uploads\/2020\/10\/seperator-spee-e1607000977873-300x35.png 300w, https:\/\/spee-advocaten.nl\/wp-content\/uploads\/2020\/10\/seperator-spee-e1607000977873-345x41.png 345w, https:\/\/spee-advocaten.nl\/wp-content\/uploads\/2020\/10\/seperator-spee-e1607000977873-16x2.png 16w\" sizes=\"(max-width: 348px) 100vw, 348px\" \/>\t\t\t\t\t\t\t\t\t\t\t\t\t\t\t<\/div>\n\t\t\t\t<\/div>\n\t\t\t\t<div class=\"elementor-element elementor-element-ea04139 elementor-widget elementor-widget-text-editor\" data-id=\"ea04139\" data-element_type=\"widget\" data-e-type=\"widget\" data-widget_type=\"text-editor.default\">\n\t\t\t\t<div class=\"elementor-widget-container\">\n\t\t\t\t\t\t\t\t\t<p style=\"text-align: left;\"><strong>Angelique van den Eshoff<\/strong><\/p><p style=\"text-align: left;\">Ich bin Angelique van den Eshoff und f\u00fchre seit 1998 eine auf Familienrecht spezialisierte Praxis. Neben der Bearbeitung komplexer Scheidungen und anderer familienrechtlicher Gerichtsverfahren f\u00fchre ich auch h\u00e4ufig Scheidungsmediationen durch. Auch auf dem Gebiet der Mediationen im Rahmen von erbrechtlichen Auseinandersetzungen\/Nachl\u00e4ssen k\u00f6nnen Sie mich kontaktieren.<br \/><span style=\"color: #ffffff;\">.<\/span><br \/>Ich bin Mitglied im Verband der Familien- und Erbrechtsanw\u00e4lte Scheidungsmediatoren (vFAS). Meine St\u00e4rke liegt nicht nur in meiner langj\u00e4hrigen Erfahrung und meinem Wissen, sondern auch in meiner direkten und taktischen Vorgehensweise. Eine Scheidung ist oft ein einschneidendes Ereignis im Leben eines Menschen. Es gibt viel zu verarbeiten und es kann schwierig sein, die richtigen Entscheidungen zu treffen. Als Mediatorin helfe ich beiden Ex-Partnern, gemeinsam zu guten Vereinbarungen zu kommen. Ich sorge daf\u00fcr, dass beide geh\u00f6rt werden und dass es Raum f\u00fcr Emotionen und Gef\u00fchle gibt.<br \/><span style=\"color: #ffffff;\">.<\/span><br \/>Als erfahrene Mediatorin bin ich mit allen rechtlichen und finanziellen Aspekten einer Scheidung vertraut. Ich unterst\u00fctze Sie dabei, Vereinbarungen zu treffen, z. B. \u00fcber den Unterhalt, die Aufteilung des Verm\u00f6gens und einen guten Elternschaftsplan f\u00fcr die Kinder. Gemeinsam arbeiten wir auf eine L\u00f6sung hin, die f\u00fcr beide Ex-Partner akzeptabel ist.<br \/><span style=\"color: #ffffff;\">.<\/span><br \/>Mein Vorgehensweise ist pers\u00f6nlich und engagiert. Ich nehme mir die Zeit, die Situation jedes Einzelnen vollst\u00e4ndig zu verstehen, und nutze mein Wissen und meine Erfahrung, um die Ex-Partner zu einer L\u00f6sung zu f\u00fchren, die ihrer Situation entspricht. Ich strebe immer eine L\u00f6sung an, die nachhaltig ist und mit der beide zufrieden sind.<br \/><span style=\"color: #ffffff;\">.<\/span><br \/>Neben der niederl\u00e4ndischen Sprache spreche ich auch flie\u00dfend Englisch und kann Ihnen daher auch bei englischsprachigen\/grenz\u00fcberschreitenden Mediationen gute Dienste leisten.<\/p>\t\t\t\t\t\t\t\t<\/div>\n\t\t\t\t<\/div>\n\t\t\t\t<div class=\"elementor-element elementor-element-a37df80 elementor-widget elementor-widget-text-editor\" data-id=\"a37df80\" data-element_type=\"widget\" data-e-type=\"widget\" data-widget_type=\"text-editor.default\">\n\t\t\t\t<div class=\"elementor-widget-container\">\n\t\t\t\t\t\t\t\t\t<p style=\"text-align: left;\"><strong>Wenn mediation in scheidungs- oder erbschaftsangelegenheiten?<br \/><\/strong><\/p><p style=\"text-align: left;\">Die Mediation ist sowohl bei Scheidungs- als auch bei Erbschaftsstreitigkeiten eine gute Wahl, da es sich um ein Verfahren handelt, bei dem ein unabh\u00e4ngiger Dritter, der Mediator, die beteiligten Parteien dabei unterst\u00fctzt, eine L\u00f6sung f\u00fcr ihren Streit zu finden.<br \/><span style=\"color: #ffffff;\">.<\/span><br \/>Bei Scheidungs- oder Erbschaftsstreitigkeiten k\u00f6nnen die Emotionen hochkochen und es kann zu tiefgreifenden Meinungsverschiedenheiten zwischen den beteiligten Parteien kommen. In diesen F\u00e4llen kann die Mediation dazu beitragen, die Kommunikation zwischen den Parteien zu verbessern und einen konstruktiven Dialog zu f\u00fchren. Der Mediator kann den Parteien helfen, ihre Interessen und Anliegen zu verstehen und sie bei der Suche nach f\u00fcr alle Parteien akzeptablen L\u00f6sungen unterst\u00fctzen.<br \/><span style=\"color: #ffffff;\">.<\/span><br \/>Im Vergleich zu einem Gerichtsverfahren bietet die Mediation mehrere Vorteile. Sie ist schneller, billiger und weniger formell als ein Gerichtsverfahren. Au\u00dferdem haben die Parteien mehr Kontrolle \u00fcber den Ausgang des Streitfalls. Anstelle einer vom Gericht auferlegten Entscheidung k\u00f6nnen die Parteien selbst entscheiden, was die beste L\u00f6sung f\u00fcr ihre Situation ist.<\/p>\t\t\t\t\t\t\t\t<\/div>\n\t\t\t\t<\/div>\n\t\t\t\t<div class=\"elementor-element elementor-element-0d643d8 elementor-widget elementor-widget-text-editor\" data-id=\"0d643d8\" data-element_type=\"widget\" data-e-type=\"widget\" id=\"scheidingsmediation\" data-widget_type=\"text-editor.default\">\n\t\t\t\t<div class=\"elementor-widget-container\">\n\t\t\t\t\t\t\t\t\t<p style=\"text-align: left;\"><strong>Scheidungsmediation, auch f\u00fcr Unternehmer und bei komplexen Trennungen von ehelichen Gemeinschaften<br \/><\/strong><\/p><p style=\"text-align: left;\">Ich habe mich - auch als Mediatorin -\u00a0<span style=\"color: var( --e-global-color-249d153 ); font-family: var( --e-global-typography-eba40db-font-family ), Sans-serif; font-size: var( --e-global-typography-eba40db-font-size ); font-weight: var( --e-global-typography-eba40db-font-weight ); letter-spacing: var( --e-global-typography-eba40db-letter-spacing ); word-spacing: var( --e-global-typography-eba40db-word-spacing );\">\u00a0insbesondere auf komplexere Scheidungsmediationen spezialisiert. Dazu geh\u00f6ren z.B. F\u00e4lle, in denen ein hohes Konfliktniveau zwischen den Ex-Partnern besteht, oft auch mit minderj\u00e4hrigen Kindern, oder wenn gro\u00dfe Interessen auf dem Spiel stehen, wie z.B. bei einem eigenen Unternehmen, gro\u00dfen Verm\u00f6gen oder komplizierten Ehevertr\u00e4gen.<\/span><\/p><p style=\"text-align: left;\"><span style=\"color: #ffffff;\">.<\/span><br \/>Gerade Unternehmer haben bei einer Scheidung oft viel zu verlieren. Neben allen emotionalen Auswirkungen kann eine Scheidung auch schwerwiegende Folgen f\u00fcr ihr Unternehmen haben. Als Familienrechtsmediatorin kenne ich die Komplexit\u00e4t von Unternehmensstrukturen und kann Unternehmern und ihren Partnern helfen, die Unternehmensinteressen zu sch\u00fctzen. Ich kann mit dem Unternehmerpaar zusammenarbeiten, um sicherzustellen, dass bei der Aufteilung des Unternehmens faire und realistische Vereinbarungen getroffen werden, ohne den Fortbestand des Unternehmens zu gef\u00e4hrden, aber auch ohne die pers\u00f6nlichen Interessen aus den Augen zu verlieren. Aufgrund meiner langj\u00e4hrigen Erfahrung kenne ich die besonderen Herausforderungen, mit denen Unternehmerpaare in einer Scheidungssituation konfrontiert sind, und kann dabei helfen, die richtigen Entscheidungen zu treffen.<br \/><span style=\"color: #ffffff;\">.<\/span><br \/>Die Mediation kann auch dazu beitragen, die Beziehungen zwischen den Parteien zu erhalten oder zu verbessern, insbesondere in F\u00e4llen, in denen die Parteien in Zukunft miteinander zu tun haben werden, wie z. B. Eltern von minderj\u00e4hrigen Kindern oder Erben eines Familienunternehmens.<\/p>\t\t\t\t\t\t\t\t<\/div>\n\t\t\t\t<\/div>\n\t\t\t\t<div class=\"elementor-element elementor-element-20de360 elementor-widget elementor-widget-text-editor\" data-id=\"20de360\" data-element_type=\"widget\" data-e-type=\"widget\" data-widget_type=\"text-editor.default\">\n\t\t\t\t<div class=\"elementor-widget-container\">\n\t\t\t\t\t\t\t\t\t<p><strong>Mediation in Erbschaftsrechtsangelegenheiten<\/strong><\/p><p>Der Verlust eines geliebten Menschen ist ein emotionaler und schwieriger Moment in unserem Leben. Leider k\u00f6nnen neben all der Trauer auch komplizierte (rechtliche) Fragen im Zusammenhang mit dem Erbschaft auftauchen. Erbstreitigkeiten k\u00f6nnen Familienmitglieder auseinandertreiben und wertvolle Beziehungen besch\u00e4digen. Gl\u00fccklicherweise gibt es einen alternativen Ansatz, der zur L\u00f6sung solcher (latenten) Streitigkeiten beitragen kann: die Erbschaftmediation.<\/p>\t\t\t\t\t\t\t\t<\/div>\n\t\t\t\t<\/div>\n\t\t\t\t<div class=\"elementor-element elementor-element-1b96916 elementor-widget elementor-widget-text-editor\" data-id=\"1b96916\" data-element_type=\"widget\" data-e-type=\"widget\" data-widget_type=\"text-editor.default\">\n\t\t\t\t<div class=\"elementor-widget-container\">\n\t\t\t\t\t\t\t\t\t<p><strong>Was ist Erbschaftsmediation?<\/strong><\/p><p>Die Erbschaftsmediation ist ein Verfahren, bei dem ein neutraler Dritter, der Erbschaftsmediator, den beteiligten Familienmitgliedern hilft, (latente) Streitigkeiten im Zusammenhang mit einem Erbschaft zu l\u00f6sen. Der Mediator ist speziell in Konfliktmediation ausgebildet und bem\u00fcht sich um einen offenen Dialog und konstruktive Verhandlungen. Ziel der Erbschaftmediation ist es, eine gemeinsame, f\u00fcr alle Beteiligten akzeptable L\u00f6sung zu finden, ohne dass es zu einem Rechtsstreit kommt.<\/p>\t\t\t\t\t\t\t\t<\/div>\n\t\t\t\t<\/div>\n\t\t\t\t<div class=\"elementor-element elementor-element-115c3e6 elementor-widget elementor-widget-text-editor\" data-id=\"115c3e6\" data-element_type=\"widget\" data-e-type=\"widget\" data-widget_type=\"text-editor.default\">\n\t\t\t\t<div class=\"elementor-widget-container\">\n\t\t\t\t\t\t\t\t\t<p><strong>Spezialisierter Erbschaftmediator<\/strong><\/p><p>Bei der Erbschaftmediation ist es sehr wichtig, einen (anwaltlichen) Mediator einzusetzen, der auf Erbschaftsmediation spezialisiert ist. Ein Mediator mit diesem speziellen Fachwissen verf\u00fcgt \u00fcber ein tiefes Verst\u00e4ndnis und Wissen \u00fcber die komplexen rechtlichen Aspekte, die mit der (Abwicklung) einer Erbschaft verbunden sind. Dies hat mehrere Vorteile:<br \/><span style=\"color: #ffffff;\">.<\/span><\/p><ol><li>Juristische Kenntnisse und Beratung: Ein anwaltlicher Mediator mit erbrechtlichem Hintergrund bietet wertvolle juristische Kenntnisse und Beratung w\u00e4hrend des Mediationsverfahrens. Der spezialisierte Anwaltsmediator kann die beteiligten Parteien \u00fcber die f\u00fcr den Nachlass geltenden Gesetze, Vorschriften und Rechte informieren. Dies gew\u00e4hrleistet ein besseres Verst\u00e4ndnis des rechtlichen Kontextes und tr\u00e4gt dazu bei, realistische und tragf\u00e4hige L\u00f6sungen zu finden.<\/li><li>Effizienz und Kostenersparnis: Die Kombination von Mediation und erbrechtlichem Fachwissen kann zu einer effizienteren Abwicklung des Streitfalls f\u00fchren. Der anwaltliche Mediator kann den beteiligten Parteien helfen, die Rechtsfragen strukturiert anzugehen und zielgerichtete Gespr\u00e4che zu f\u00fchren. So lassen sich unn\u00f6tige Verz\u00f6gerungen und die mit einem Gerichtsverfahren verbundenen Kosten vermeiden.<\/li><li>Kreative L\u00f6sungen: Ein anwaltlicher Mediator mit Fachkenntnissen im Erbrecht kann innovative und kreative L\u00f6sungen vorschlagen, die sowohl die rechtlichen als auch die pers\u00f6nlichen Interessen der beteiligten Parteien ber\u00fccksichtigen. Es k\u00f6nnen alternative Optionen gepr\u00fcft werden, wie die Einrichtung eines Familienfonds, die Festlegung bestimmter Bedingungen f\u00fcr bestimmte Verm\u00f6genswerte oder die Erstellung eines detaillierten Pflegeplans f\u00fcr schutzbed\u00fcrftige Familienmitglieder. Diese ma\u00dfgeschneiderten L\u00f6sungen k\u00f6nnen zu einer ausgewogenen und gerechten Aufteilung der Erbschaft beitragen.<\/li><li>Neutralit\u00e4t und Ausgewogenheit: Ein anwaltlicher Mediator, der auch auf das Erbrecht spezialisiert ist, kann als neutraler und ausgewogener Vermittler zwischen den beteiligten Parteien auftreten. Diese versteht die emotionale Belastung, die h\u00e4ufig mit Erbstreitigkeiten einhergeht, und kann die Kommunikation zwischen den Parteien erleichtern. Durch seine unparteiische Rolle kann er sicherstellen, dass alle Standpunkte geh\u00f6rt werden und ein faires und gerechtes Verfahren stattfindet.<\/li><\/ol><p><span style=\"color: #ffffff;\">.<\/span><br \/>Die Erbschaftsmediation hat sich als wertvolles Instrument zur Beilegung von Erbstreitigkeiten erwiesen. Anstelle eines langwierigen und kostspieligen Rechtsstreits bietet die Mediation die M\u00f6glichkeit, eine dauerhafte Einigung zu erzielen, die den Bed\u00fcrfnissen und W\u00fcnschen aller Beteiligten gerecht wird. Erfahrung zeigt, dass eine Erbschaftsmediation trotz starker Emotionen und komplexer Rechtsfragen zu einer harmonischen L\u00f6sung und zum Erhalt wertvoller Familienbande f\u00fchren kann.<\/p><p>Auch die Einschaltung eines auf Erbschaftsmediation spezialisierten (Anwalts-)Mediators bietet klare Vorteile. Er hilft, den Mediationsprozess zu optimieren und tr\u00e4gt dazu bei, nachhaltige L\u00f6sungen zu finden, die f\u00fcr alle Beteiligten sowohl rechtlich als auch emotional zufriedenstellend (und nachhaltig) sind. Wenn Sie in einer Erbschaftstreit verwickelt sind oder vermuten, dass ein solcher Streit bevorsteht, sollten Sie einen Mediator mit erbrechtlicher Expertise beauftragen, der Sie bei der Suche nach einer L\u00f6sung, die Ihren Bed\u00fcrfnissen gerecht wird, begleitet. Ein erfahrener Erbschaftsmediator kann Sie dabei unterst\u00fctzen, eine gemeinsame L\u00f6sung zu finden und langwierige Gerichtsverfahren zu vermeiden. Wenn Sie Fragen haben oder die Unterst\u00fctzung eines erfahrenen Erbschaftsmediators ben\u00f6tigen, k\u00f6nnen Sie sich gerne an Frau Angelique van den Eshoff, Fachanw\u00e4ltin f\u00fcr Familien- und Erbschaftsrecht und Mediatorin bei SPEE Rechtsanw\u00e4lte &amp; Mediation, wenden.<\/p><p>Kurz gesagt, die Mediation bietet einen wirksamen und oft kosteng\u00fcnstigen Weg zur Beilegung von familien- oder erbrechtliche Streitigkeiten, wobei die Parteien selbst die Kontrolle \u00fcber den Prozess und das Ergebnis des Streits haben.<\/p>\t\t\t\t\t\t\t\t<\/div>\n\t\t\t\t<\/div>\n\t\t\t\t<div class=\"elementor-element elementor-element-ef1051a elementor-widget elementor-widget-text-editor\" data-id=\"ef1051a\" data-element_type=\"widget\" data-e-type=\"widget\" data-widget_type=\"text-editor.default\">\n\t\t\t\t<div class=\"elementor-widget-container\">\n\t\t\t\t\t\t\t\t\t<p><strong>Unsere Mediatoren sind angeschlossen bei MfN\/vFAS<\/strong><\/p><p>F\u00fcr weitere Informationen \u00fcber (Wirtschafts-)Mediation, Qualit\u00e4tssicherung und Vorschriften besuchen Sie bitte die Website der Mediatorsfederatie Nederland (MfN). Weitere Informationen finden Sie unter\u00a0<u><a href=\"https:\/\/mfnregister.nl\/\" target=\"_blank\" rel=\"noopener\">www.mfnregister.nl\/<\/a>.<\/u><\/p><p><span style=\"color: #ffffff;\">.<\/span><br \/>Jeder beim MfN registrierte Mediator, so auch <a href=\"https:\/\/spee-advocaten.nl\/de\/zakelijke-mediation\/\">Monique Spee<\/a>, \u00fcbt seine T\u00e4tigkeit nach den Regeln des MfN aus.<br \/><span style=\"color: #ffffff;\">.<\/span><\/p><p>Die Familien- und Erbrechtsmediatorin Angelique van den Eshoff ist Mitglied im Fachverband der Familien- und Erbrechtsanw\u00e4lte und Mediatoren vFAS. \n\nWeitere Informationen: <a href=\"http:\/\/www.verder-online.nl\" target=\"_blank\" rel=\"noopener\">www.verder-online.nl<\/a>.<\/p>\t\t\t\t\t\t\t\t<\/div>\n\t\t\t\t<\/div>\n\t\t\t\t<div class=\"elementor-element elementor-element-b29e92f elementor-widget__width-initial elementor-hidden-widescreen elementor-hidden-desktop elementor-hidden-laptop elementor-hidden-tablet_extra elementor-hidden-tablet elementor-hidden-mobile_extra elementor-widget elementor-widget-button\" data-id=\"b29e92f\" data-element_type=\"widget\" data-e-type=\"widget\" data-widget_type=\"button.default\">\n\t\t\t\t<div class=\"elementor-widget-container\">\n\t\t\t\t\t\t\t\t\t<div class=\"elementor-button-wrapper\">\n\t\t\t\t\t<a class=\"elementor-button elementor-button-link elementor-size-sm\" href=\"https:\/\/spee-advocaten.nl\/de\/testimonials\/angelique\/\">\n\t\t\t\t\t\t<span class=\"elementor-button-content-wrapper\">\n\t\t\t\t\t\t\t\t\t<span class=\"elementor-button-text\">Mediationsteilnehmer \u00fcber mich<\/span>\n\t\t\t\t\t<\/span>\n\t\t\t\t\t<\/a>\n\t\t\t\t<\/div>\n\t\t\t\t\t\t\t\t<\/div>\n\t\t\t\t<\/div>\n\t\t\t\t<\/div>\n\t\t\t\t\t<\/div>\n\t\t\t\t<\/div>\n\t\t<div class=\"elementor-element elementor-element-62e5c07 e-flex e-con-boxed e-con e-parent\" data-id=\"62e5c07\" data-element_type=\"container\" data-e-type=\"container\">\n\t\t\t\t\t<div class=\"e-con-inner\">\n\t\t\t\t\t<\/div>\n\t\t\t\t<\/div>\n\t\t\t\t<\/div>","protected":false},"excerpt":{"rendered":"<p>Wat zeggen mediationdeelnemers over mij? scheiding- en erfrechtmediator Angelique van den Eshoff Ik ben Angelique van den Eshoff en voer al sinds 1998 een gespecialiseerde familierechtpraktijk. Naast het afwikkelen van complexe echtscheidingen en andere familierechtelijke gerechtelijke procedures, houd ik mij ook veelvuldig bezig met echtscheidingsbemiddeling of mediation. Ook kunt u bij mij terecht op het [&hellip;]<\/p>\n","protected":false},"author":1,"featured_media":3236,"parent":0,"menu_order":0,"comment_status":"closed","ping_status":"closed","template":"elementor_header_footer","meta":{"iawp_total_views":470,"footnotes":""},"landingspagina":[],"class_list":["post-4373","page","type-page","status-publish","has-post-thumbnail","hentry"],"_links":{"self":[{"href":"https:\/\/spee-advocaten.nl\/de\/wp-json\/wp\/v2\/pages\/4373","targetHints":{"allow":["GET"]}}],"collection":[{"href":"https:\/\/spee-advocaten.nl\/de\/wp-json\/wp\/v2\/pages"}],"about":[{"href":"https:\/\/spee-advocaten.nl\/de\/wp-json\/wp\/v2\/types\/page"}],"author":[{"embeddable":true,"href":"https:\/\/spee-advocaten.nl\/de\/wp-json\/wp\/v2\/users\/1"}],"replies":[{"embeddable":true,"href":"https:\/\/spee-advocaten.nl\/de\/wp-json\/wp\/v2\/comments?post=4373"}],"version-history":[{"count":5,"href":"https:\/\/spee-advocaten.nl\/de\/wp-json\/wp\/v2\/pages\/4373\/revisions"}],"predecessor-version":[{"id":5196,"href":"https:\/\/spee-advocaten.nl\/de\/wp-json\/wp\/v2\/pages\/4373\/revisions\/5196"}],"wp:featuredmedia":[{"embeddable":true,"href":"https:\/\/spee-advocaten.nl\/de\/wp-json\/wp\/v2\/media\/3236"}],"wp:attachment":[{"href":"https:\/\/spee-advocaten.nl\/de\/wp-json\/wp\/v2\/media?parent=4373"}],"wp:term":[{"taxonomy":"landingspagina","embeddable":true,"href":"https:\/\/spee-advocaten.nl\/de\/wp-json\/wp\/v2\/landingspagina?post=4373"}],"curies":[{"name":"wp","href":"https:\/\/api.w.org\/{rel}","templated":true}]}}