{"id":3361,"date":"2023-08-24T13:12:09","date_gmt":"2023-08-24T12:12:09","guid":{"rendered":"https:\/\/spee-advocaten.nl\/?page_id=3361"},"modified":"2024-10-29T16:43:22","modified_gmt":"2024-10-29T15:43:22","slug":"route-vliegveldweg-156","status":"publish","type":"page","link":"https:\/\/spee-advocaten.nl\/de\/route-vliegveldweg-156\/","title":{"rendered":"Route Vliegveldweg 156"},"content":{"rendered":"<div data-elementor-type=\"wp-page\" data-elementor-id=\"3361\" class=\"elementor elementor-3361\" data-elementor-post-type=\"page\">\n\t\t\t\t<div class=\"elementor-element elementor-element-b3e608b e-con-full seperator-line-overlay e-flex e-con e-parent\" data-id=\"b3e608b\" data-element_type=\"container\" data-e-type=\"container\" data-settings=\"{&quot;background_background&quot;:&quot;classic&quot;}\">\n\t\t\t\t<\/div>\n\t\t<div class=\"elementor-element elementor-element-2748ad0 seperator-line-overlay e-flex e-con-boxed e-con e-parent\" data-id=\"2748ad0\" data-element_type=\"container\" data-e-type=\"container\">\n\t\t\t\t\t<div class=\"e-con-inner\">\n\t\t\t\t<div class=\"elementor-element elementor-element-f9d8ce6 elementor-widget elementor-widget-heading\" data-id=\"f9d8ce6\" data-element_type=\"widget\" data-e-type=\"widget\" data-widget_type=\"heading.default\">\n\t\t\t\t<div class=\"elementor-widget-container\">\n\t\t\t\t\t<h2 class=\"elementor-heading-title elementor-size-default\">Route Vliegveldweg 156 - SPEE Advocaten &amp; Mediation<\/h2>\t\t\t\t<\/div>\n\t\t\t\t<\/div>\n\t\t\t\t<div class=\"elementor-element elementor-element-3769817 elementor-widget elementor-widget-image\" data-id=\"3769817\" data-element_type=\"widget\" data-e-type=\"widget\" data-widget_type=\"image.default\">\n\t\t\t\t<div class=\"elementor-widget-container\">\n\t\t\t\t\t\t\t\t\t\t\t\t\t\t\t<img decoding=\"async\" width=\"348\" height=\"41\" src=\"https:\/\/spee-advocaten.nl\/wp-content\/uploads\/2020\/10\/seperator-spee-e1607000977873.png\" class=\"attachment-full size-full wp-image-426\" alt=\"SPEE advocaten &amp; mediation Maastricht\" srcset=\"https:\/\/spee-advocaten.nl\/wp-content\/uploads\/2020\/10\/seperator-spee-e1607000977873.png 348w, https:\/\/spee-advocaten.nl\/wp-content\/uploads\/2020\/10\/seperator-spee-e1607000977873-300x35.png 300w, https:\/\/spee-advocaten.nl\/wp-content\/uploads\/2020\/10\/seperator-spee-e1607000977873-345x41.png 345w, https:\/\/spee-advocaten.nl\/wp-content\/uploads\/2020\/10\/seperator-spee-e1607000977873-16x2.png 16w\" sizes=\"(max-width: 348px) 100vw, 348px\" \/>\t\t\t\t\t\t\t\t\t\t\t\t\t\t\t<\/div>\n\t\t\t\t<\/div>\n\t\t\t\t<div class=\"elementor-element elementor-element-e9abdef elementor-widget elementor-widget-text-editor\" data-id=\"e9abdef\" data-element_type=\"widget\" data-e-type=\"widget\" data-widget_type=\"text-editor.default\">\n\t\t\t\t<div class=\"elementor-widget-container\">\n\t\t\t\t\t\t\t\t\t<p class=\"p2\"><strong>Aus den Niederlanden (sowohl aus n\u00f6rdlicher als auch aus su\u0308dlicher Richtung kommend):<\/strong><\/p><p class=\"p2\">\u00dcber die Autobahn A2 bis zur Ausfahrt Maastricht Aachen Airport (Ausfahrt Nummer 50), dann am Ende der Ausfahrt an der Ampel geradeaus fahren. Sie befinden sich nun auf dem Vliegveldweg. Folgen Sie dieser Stra\u00dfe, bis Sie das Terminal des Maastricht Aachen Airport passieren. Das B\u00fcro von SPEE advocaten &amp; mediation befindet sich auf der linken Seite, im Geb\u00e4ude der Allgemeinen Luftfahrt. Bitte beachten Sie: Die Kanzlei befindet sich nicht in dem Geb\u00e4ude, an dem die sichtbare Werbung auf der A2 zu sehen ist.<\/p><p>\u00a0<\/p><p class=\"p2\"><strong>Aus Deutschland\/Aachen:<\/strong><\/p><p class=\"p2\">\u00dcber Heerlen, Autobahn A76 in Richtung Antwerpen. Am Autobahnkreuz Kerensheide fahren Sie in Richtung Maastricht (A2\/E25) bis zur Ausfahrt Maastricht Aachen Airport (Ausfahrt Nummer 50), am Ende der Ausfahrt fahren Sie an der Ampel geradeaus. Sie befinden sich nun auf dem Vliegveldweg. Folgen Sie dieser Stra\u00dfe, bis Sie das Terminal des Maastricht Aachen Airport passieren. Das B\u00fcro von SPEE advocaten &amp; mediation befindet sich auf der linken Seite, im Geb\u00e4ude der Allgemeinen Luftfahrt. Bitte beachten Sie: Die Kanzlei befindet sich nicht in dem Geb\u00e4ude, an dem die sichtbare Werbung auf der A2 zu sehen ist.<\/p><p>\u00a0<\/p><p class=\"p2\"><strong>Aus Belgisch-Limburg:<\/strong><\/p><p class=\"p2\">\u00dcber die E314 in Richtung Heerlen\/Aachen. Am Autobahnkreuz Kerensheide fahren Sie in Richtung Maastricht (A2\/E25) bis zur Ausfahrt Maastricht Aachen Airport (Ausfahrt Nr. 50), dann an der Ampel am Ende der Ausfahrt weiter geradeaus. Sie befinden sich nun auf dem Vliegveldweg. Folgen Sie dieser Stra\u00dfe, bis Sie das Terminal des Maastricht Aachen Airport passieren. Das B\u00fcro von SPEE advocaten &amp; mediation befindet sich auf der linken Seite, im Geb\u00e4ude der Allgemeinen Luftfahrt. Bitte beachten Sie: Die Kanzlei befindet sich nicht in dem Geb\u00e4ude, an dem die sichtbare Werbung auf der A2 zu sehen ist.<\/p><p>\u00a0<\/p><p class=\"p2\"><strong>Aus Richtung L\u00fcttich:<\/strong><\/p><p class=\"p2\">\u00dcber die Autobahn A2\/E25 L\u00fcttich\/Maastricht\/Eindhoven nehmen Sie die Ausfahrt Maastricht Aachen Airport (Ausfahrt Nr. 50), dann fahren Sie am Ende der Ausfahrt an der Ampel geradeaus. Sie befinden sich nun auf dem Vliegveldweg. Folgen Sie dieser Stra\u00dfe, bis Sie das Terminal des Maastricht Aachen Airport passieren. Das B\u00fcro von SPEE advocaten &amp; mediation befindet sich auf der linken Seite, im Geb\u00e4ude der Allgemeinen Luftfahrt. Bitte beachten Sie: Die Kanzlei befindet sich nicht in dem Geb\u00e4ude, an dem die sichtbare Werbung auf der A2 zu sehen ist.<\/p>\t\t\t\t\t\t\t\t<\/div>\n\t\t\t\t<\/div>\n\t\t\t\t\t<\/div>\n\t\t\t\t<\/div>\n\t\t\t\t<\/div>","protected":false},"excerpt":{"rendered":"<p>Route Vliegveldweg 156 &#8211; SPEE Advocaten &#038; Mediation Vanuit Nederland (komend vanuit zowel noordelijke als zuidelijke richting): Via de A2 tot afslag Maastricht Aachen Airport (afritnummer 50), vervolgens aan het einde van de afrit bij de verkeerslichten rechtdoor rijden. U rijdt nu op de Vliegveldweg. Deze weg volgen tot voorbij de terminal van Maastricht Aachen [&hellip;]<\/p>\n","protected":false},"author":1,"featured_media":3239,"parent":0,"menu_order":0,"comment_status":"closed","ping_status":"closed","template":"elementor_header_footer","meta":{"iawp_total_views":4,"footnotes":""},"landingspagina":[],"class_list":["post-3361","page","type-page","status-publish","has-post-thumbnail","hentry"],"_links":{"self":[{"href":"https:\/\/spee-advocaten.nl\/de\/wp-json\/wp\/v2\/pages\/3361","targetHints":{"allow":["GET"]}}],"collection":[{"href":"https:\/\/spee-advocaten.nl\/de\/wp-json\/wp\/v2\/pages"}],"about":[{"href":"https:\/\/spee-advocaten.nl\/de\/wp-json\/wp\/v2\/types\/page"}],"author":[{"embeddable":true,"href":"https:\/\/spee-advocaten.nl\/de\/wp-json\/wp\/v2\/users\/1"}],"replies":[{"embeddable":true,"href":"https:\/\/spee-advocaten.nl\/de\/wp-json\/wp\/v2\/comments?post=3361"}],"version-history":[{"count":5,"href":"https:\/\/spee-advocaten.nl\/de\/wp-json\/wp\/v2\/pages\/3361\/revisions"}],"predecessor-version":[{"id":5416,"href":"https:\/\/spee-advocaten.nl\/de\/wp-json\/wp\/v2\/pages\/3361\/revisions\/5416"}],"wp:featuredmedia":[{"embeddable":true,"href":"https:\/\/spee-advocaten.nl\/de\/wp-json\/wp\/v2\/media\/3239"}],"wp:attachment":[{"href":"https:\/\/spee-advocaten.nl\/de\/wp-json\/wp\/v2\/media?parent=3361"}],"wp:term":[{"taxonomy":"landingspagina","embeddable":true,"href":"https:\/\/spee-advocaten.nl\/de\/wp-json\/wp\/v2\/landingspagina?post=3361"}],"curies":[{"name":"wp","href":"https:\/\/api.w.org\/{rel}","templated":true}]}}