{"id":2442,"date":"2021-08-16T14:51:18","date_gmt":"2021-08-16T13:51:18","guid":{"rendered":"https:\/\/spee-advocaten.nl\/?page_id=2442"},"modified":"2024-10-29T16:40:52","modified_gmt":"2024-10-29T15:40:52","slug":"huurgeschil","status":"publish","type":"page","link":"https:\/\/spee-advocaten.nl\/de\/huurgeschil\/","title":{"rendered":"Huurgeschil"},"content":{"rendered":"<div data-elementor-type=\"wp-page\" data-elementor-id=\"2442\" class=\"elementor elementor-2442\" data-elementor-post-type=\"page\">\n\t\t\t\t<div class=\"elementor-element elementor-element-257bf75 e-con-full seperator-line-overlay e-flex e-con e-parent\" data-id=\"257bf75\" data-element_type=\"container\" data-e-type=\"container\" data-settings=\"{&quot;background_background&quot;:&quot;classic&quot;}\">\n\t\t\t\t<\/div>\n\t\t<div class=\"elementor-element elementor-element-6dca9b1 seperator-line-overlay e-flex e-con-boxed e-con e-parent\" data-id=\"6dca9b1\" data-element_type=\"container\" data-e-type=\"container\">\n\t\t\t\t\t<div class=\"e-con-inner\">\n\t\t<div class=\"elementor-element elementor-element-8fc20ca e-con-full elementor-hidden-mobile e-flex e-con e-child\" data-id=\"8fc20ca\" data-element_type=\"container\" data-e-type=\"container\">\n\t\t\t\t<div class=\"elementor-element elementor-element-d0961a3 elementor-widget elementor-widget-image\" data-id=\"d0961a3\" data-element_type=\"widget\" data-e-type=\"widget\" data-widget_type=\"image.default\">\n\t\t\t\t<div class=\"elementor-widget-container\">\n\t\t\t\t\t\t\t\t\t\t\t\t\t\t\t<img fetchpriority=\"high\" decoding=\"async\" width=\"800\" height=\"800\" src=\"https:\/\/spee-advocaten.nl\/wp-content\/uploads\/2020\/11\/huurrecht.jpg\" class=\"attachment-full size-full wp-image-609\" alt=\"SPEE advocaten &amp; mediation Maastricht\" srcset=\"https:\/\/spee-advocaten.nl\/wp-content\/uploads\/2020\/11\/huurrecht.jpg 800w, https:\/\/spee-advocaten.nl\/wp-content\/uploads\/2020\/11\/huurrecht-300x300.jpg 300w, https:\/\/spee-advocaten.nl\/wp-content\/uploads\/2020\/11\/huurrecht-150x150.jpg 150w, https:\/\/spee-advocaten.nl\/wp-content\/uploads\/2020\/11\/huurrecht-768x768.jpg 768w, https:\/\/spee-advocaten.nl\/wp-content\/uploads\/2020\/11\/huurrecht-12x12.jpg 12w, https:\/\/spee-advocaten.nl\/wp-content\/uploads\/2020\/11\/huurrecht-570x570.jpg 570w, https:\/\/spee-advocaten.nl\/wp-content\/uploads\/2020\/11\/huurrecht-500x500.jpg 500w, https:\/\/spee-advocaten.nl\/wp-content\/uploads\/2020\/11\/huurrecht-700x700.jpg 700w\" sizes=\"(max-width: 800px) 100vw, 800px\" \/>\t\t\t\t\t\t\t\t\t\t\t\t\t\t\t<\/div>\n\t\t\t\t<\/div>\n\t\t\t\t<\/div>\n\t\t<div class=\"elementor-element elementor-element-0d3095d e-con-full e-flex e-con e-child\" data-id=\"0d3095d\" data-element_type=\"container\" data-e-type=\"container\">\n\t\t\t\t<div class=\"elementor-element elementor-element-383a69c elementor-widget elementor-widget-heading\" data-id=\"383a69c\" data-element_type=\"widget\" data-e-type=\"widget\" data-widget_type=\"heading.default\">\n\t\t\t\t<div class=\"elementor-widget-container\">\n\t\t\t\t\t<h2 class=\"elementor-heading-title elementor-size-default\">De beste huurrecht advocaat? Huurgeschil?\nSPEE advocaten &amp; mediation!<\/h2>\t\t\t\t<\/div>\n\t\t\t\t<\/div>\n\t\t\t\t<div class=\"elementor-element elementor-element-dd93e41 elementor-widget elementor-widget-image\" data-id=\"dd93e41\" data-element_type=\"widget\" data-e-type=\"widget\" data-widget_type=\"image.default\">\n\t\t\t\t<div class=\"elementor-widget-container\">\n\t\t\t\t\t\t\t\t\t\t\t\t\t\t\t<img decoding=\"async\" width=\"348\" height=\"41\" src=\"https:\/\/spee-advocaten.nl\/wp-content\/uploads\/2020\/10\/seperator-spee-e1607000977873.png\" class=\"attachment-full size-full wp-image-426\" alt=\"SPEE advocaten &amp; mediation Maastricht\" srcset=\"https:\/\/spee-advocaten.nl\/wp-content\/uploads\/2020\/10\/seperator-spee-e1607000977873.png 348w, https:\/\/spee-advocaten.nl\/wp-content\/uploads\/2020\/10\/seperator-spee-e1607000977873-300x35.png 300w, https:\/\/spee-advocaten.nl\/wp-content\/uploads\/2020\/10\/seperator-spee-e1607000977873-345x41.png 345w, https:\/\/spee-advocaten.nl\/wp-content\/uploads\/2020\/10\/seperator-spee-e1607000977873-16x2.png 16w\" sizes=\"(max-width: 348px) 100vw, 348px\" \/>\t\t\t\t\t\t\t\t\t\t\t\t\t\t\t<\/div>\n\t\t\t\t<\/div>\n\t\t\t\t<div class=\"elementor-element elementor-element-4c209db elementor-widget elementor-widget-text-editor\" data-id=\"4c209db\" data-element_type=\"widget\" data-e-type=\"widget\" data-widget_type=\"text-editor.default\">\n\t\t\t\t<div class=\"elementor-widget-container\">\n\t\t\t\t\t\t\t\t\t<ul><li>Advies bij huurgeschil, advocaat huurrecht<\/li><li>Erstellung und Beurteilung von Mietvertr\u00e4gen f\u00fcr Gewerbefl\u00e4chen<\/li><li>Erstellung und Beurteilung von Mietvertr\u00e4gen f\u00fcr Wohnr\u00e4ume<\/li><li>M\u00e4ngel an der Mietsache<\/li><li>\u00dcbergabezustand bei Ende des Mietvertrages<\/li><li>Hilfe bei Mietern, die nicht zahlen, bei Bedarf Prozessf\u00fchrung zur K\u00fcndigung des Mietvertrages<\/li><li>Streitigkeiten mit dem Vermieter<\/li><\/ul>\t\t\t\t\t\t\t\t<\/div>\n\t\t\t\t<\/div>\n\t\t\t\t<\/div>\n\t\t\t\t\t<\/div>\n\t\t\t\t<\/div>\n\t\t<div class=\"elementor-element elementor-element-ecdb630 seperator-line-overlay e-flex e-con-boxed e-con e-parent\" data-id=\"ecdb630\" data-element_type=\"container\" data-e-type=\"container\" data-settings=\"{&quot;background_background&quot;:&quot;classic&quot;}\">\n\t\t\t\t\t<div class=\"e-con-inner\">\n\t\t<div class=\"elementor-element elementor-element-ba2134c e-con-full elementor-hidden-mobile e-flex e-con e-child\" data-id=\"ba2134c\" data-element_type=\"container\" data-e-type=\"container\">\n\t\t\t\t<div class=\"elementor-element elementor-element-3eae30d elementor-widget elementor-widget-image\" data-id=\"3eae30d\" data-element_type=\"widget\" data-e-type=\"widget\" data-widget_type=\"image.default\">\n\t\t\t\t<div class=\"elementor-widget-container\">\n\t\t\t\t\t\t\t\t\t\t\t\t\t\t\t<img decoding=\"async\" width=\"800\" height=\"800\" src=\"https:\/\/spee-advocaten.nl\/wp-content\/uploads\/2023\/06\/Spee-Advocaten-Monique_7630.jpeg\" class=\"attachment-full size-full wp-image-3226\" alt=\"SPEE advocaten &amp; mediation Maastricht\" srcset=\"https:\/\/spee-advocaten.nl\/wp-content\/uploads\/2023\/06\/Spee-Advocaten-Monique_7630.jpeg 800w, https:\/\/spee-advocaten.nl\/wp-content\/uploads\/2023\/06\/Spee-Advocaten-Monique_7630-300x300.jpeg 300w, https:\/\/spee-advocaten.nl\/wp-content\/uploads\/2023\/06\/Spee-Advocaten-Monique_7630-150x150.jpeg 150w, https:\/\/spee-advocaten.nl\/wp-content\/uploads\/2023\/06\/Spee-Advocaten-Monique_7630-768x768.jpeg 768w, https:\/\/spee-advocaten.nl\/wp-content\/uploads\/2023\/06\/Spee-Advocaten-Monique_7630-12x12.jpeg 12w, https:\/\/spee-advocaten.nl\/wp-content\/uploads\/2023\/06\/Spee-Advocaten-Monique_7630-570x570.jpeg 570w, https:\/\/spee-advocaten.nl\/wp-content\/uploads\/2023\/06\/Spee-Advocaten-Monique_7630-500x500.jpeg 500w, https:\/\/spee-advocaten.nl\/wp-content\/uploads\/2023\/06\/Spee-Advocaten-Monique_7630-700x700.jpeg 700w\" sizes=\"(max-width: 800px) 100vw, 800px\" \/>\t\t\t\t\t\t\t\t\t\t\t\t\t\t\t<\/div>\n\t\t\t\t<\/div>\n\t\t\t\t<\/div>\n\t\t<div class=\"elementor-element elementor-element-c0b5048 e-con-full e-flex e-con e-child\" data-id=\"c0b5048\" data-element_type=\"container\" data-e-type=\"container\">\n\t\t\t\t<div class=\"elementor-element elementor-element-e2a3bc3 elementor-widget elementor-widget-heading\" data-id=\"e2a3bc3\" data-element_type=\"widget\" data-e-type=\"widget\" data-widget_type=\"heading.default\">\n\t\t\t\t<div class=\"elementor-widget-container\">\n\t\t\t\t\t<h2 class=\"elementor-heading-title elementor-size-default\">SPEE advocaten &amp; mediation<\/h2>\t\t\t\t<\/div>\n\t\t\t\t<\/div>\n\t\t\t\t<div class=\"elementor-element elementor-element-bd154b3 elementor-widget elementor-widget-image\" data-id=\"bd154b3\" data-element_type=\"widget\" data-e-type=\"widget\" data-widget_type=\"image.default\">\n\t\t\t\t<div class=\"elementor-widget-container\">\n\t\t\t\t\t\t\t\t\t\t\t\t\t\t\t<img decoding=\"async\" width=\"348\" height=\"41\" src=\"https:\/\/spee-advocaten.nl\/wp-content\/uploads\/2020\/10\/seperator-spee-e1607000977873.png\" class=\"attachment-full size-full wp-image-426\" alt=\"SPEE advocaten &amp; mediation Maastricht\" srcset=\"https:\/\/spee-advocaten.nl\/wp-content\/uploads\/2020\/10\/seperator-spee-e1607000977873.png 348w, https:\/\/spee-advocaten.nl\/wp-content\/uploads\/2020\/10\/seperator-spee-e1607000977873-300x35.png 300w, https:\/\/spee-advocaten.nl\/wp-content\/uploads\/2020\/10\/seperator-spee-e1607000977873-345x41.png 345w, https:\/\/spee-advocaten.nl\/wp-content\/uploads\/2020\/10\/seperator-spee-e1607000977873-16x2.png 16w\" sizes=\"(max-width: 348px) 100vw, 348px\" \/>\t\t\t\t\t\t\t\t\t\t\t\t\t\t\t<\/div>\n\t\t\t\t<\/div>\n\t\t\t\t<div class=\"elementor-element elementor-element-0e74d8a elementor-widget elementor-widget-text-editor\" data-id=\"0e74d8a\" data-element_type=\"widget\" data-e-type=\"widget\" data-widget_type=\"text-editor.default\">\n\t\t\t\t<div class=\"elementor-widget-container\">\n\t\t\t\t\t\t\t\t\t<p>Sinds de oprichting van ons kantoor op 1 mei 2005, behartigt SPEE advocaten &amp; mediation met genoegen de (juridische) belangen van zowel ondernemingen als particulieren. Wij adviseren en procederen (indien nodig) over uw huurgeschil. De rechtsgebieden waarvoor u bij SPEE advocaten &amp; mediation terecht kunt, vindt u onder de knop \u201cadvocatuur\u201d op onze website. Onder de knop \u201cmediation\u201d, treft u informatie aan over onze mediator en over wat mediation inhoudt. Uiteraard kunt u ons voor meer informatie ook altijd vrijblijvend bellen of e-mailen.<br \/><span style=\"color: #ede0d5;\">.<\/span><br \/>Charakteristisch f\u00fcr unsere Kanzlei sind der hohe juristische Anspruch und die unb\u00fcrokratische Vorgehensweise in Verbindung mit einem professionellen, sachlichen Ansatz. Dar\u00fcber hinaus sind uns Proaktivit\u00e4t und Tempo sehr wichtig. Sie m\u00f6chten schlie\u00dflich, dass wir Ihnen rundum alle Sorgen abnehmen. Au\u00dferdem verlieren wir auch den pers\u00f6nlichen Aspekt, der beinahe jedem Rechtsstreit innewohnt, nie aus den Augen.<br \/><span style=\"color: #ede0d5;\">.<\/span><br \/>Huurgeschil? Op zoek naar een professionele advocaat in huurrecht? SPEE advocaten &amp; mediation heeft naast eigen advocaten op dit vlak, een jurist en een mediator ook een gedegen netwerk van externe professionals, zoals fiscalisten, accountants en andere advocaten en mediators, ook in bijvoorbeeld Belgi\u00eb en Duitsland, met wie nauw samengewerkt wordt indien uw belang dat vraagt. Mede daardoor zijn wij in staat om op een groot aantal rechtsgebieden en zowel nationaal als internationaal deskundig advies, (proces)bijstand en mediation aan te bieden. De eigen advocaten, jurist en mediator en de externe professionals bundelen hun kennis, ervaring en persoonlijke vaardigheden, waarbij een optimaal resultaat voor u, uiteraard altijd voorop staat.<br \/><span style=\"color: #ede0d5;\">.<\/span><br \/>Alle in der Kanzlei t\u00e4tigen Rechtsanw\u00e4lte sind Mitglied der niederl\u00e4ndischen Anwaltskammer\u00a0<a href=\"https:\/\/www.advocatenorde.nl\/\" target=\"_blank\" rel=\"noopener\">(Nederlandse Orde van Advocaten)<\/a>.<\/p>\t\t\t\t\t\t\t\t<\/div>\n\t\t\t\t<\/div>\n\t\t\t\t<\/div>\n\t\t\t\t\t<\/div>\n\t\t\t\t<\/div>\n\t\t\t\t<\/div>","protected":false},"excerpt":{"rendered":"<p>De beste huurrecht advocaat? Huurgeschil? SPEE advocaten &#038; mediation! Advies bij huurgeschil, advocaat huurrecht Opstellen en beoordelen huurovereenkomst bedrijfsruimte Opstellen en beoordelen huurovereenkomst woonruimte Gebreken aan het gehuurde Staat van oplevering bij einde van de huurovereenkomst Hulp bij huurders die niet betalen, waar nodig het voeren van een procedure tot ontbinding van de huurovereenkomst Geschillen [&hellip;]<\/p>\n","protected":false},"author":1,"featured_media":3239,"parent":0,"menu_order":0,"comment_status":"closed","ping_status":"closed","template":"elementor_header_footer","meta":{"iawp_total_views":34,"footnotes":""},"landingspagina":[12],"class_list":["post-2442","page","type-page","status-publish","has-post-thumbnail","hentry","landingspagina-landingspagina"],"_links":{"self":[{"href":"https:\/\/spee-advocaten.nl\/de\/wp-json\/wp\/v2\/pages\/2442","targetHints":{"allow":["GET"]}}],"collection":[{"href":"https:\/\/spee-advocaten.nl\/de\/wp-json\/wp\/v2\/pages"}],"about":[{"href":"https:\/\/spee-advocaten.nl\/de\/wp-json\/wp\/v2\/types\/page"}],"author":[{"embeddable":true,"href":"https:\/\/spee-advocaten.nl\/de\/wp-json\/wp\/v2\/users\/1"}],"replies":[{"embeddable":true,"href":"https:\/\/spee-advocaten.nl\/de\/wp-json\/wp\/v2\/comments?post=2442"}],"version-history":[{"count":5,"href":"https:\/\/spee-advocaten.nl\/de\/wp-json\/wp\/v2\/pages\/2442\/revisions"}],"predecessor-version":[{"id":5393,"href":"https:\/\/spee-advocaten.nl\/de\/wp-json\/wp\/v2\/pages\/2442\/revisions\/5393"}],"wp:featuredmedia":[{"embeddable":true,"href":"https:\/\/spee-advocaten.nl\/de\/wp-json\/wp\/v2\/media\/3239"}],"wp:attachment":[{"href":"https:\/\/spee-advocaten.nl\/de\/wp-json\/wp\/v2\/media?parent=2442"}],"wp:term":[{"taxonomy":"landingspagina","embeddable":true,"href":"https:\/\/spee-advocaten.nl\/de\/wp-json\/wp\/v2\/landingspagina?post=2442"}],"curies":[{"name":"wp","href":"https:\/\/api.w.org\/{rel}","templated":true}]}}