{"id":2438,"date":"2021-08-16T14:08:30","date_gmt":"2021-08-16T13:08:30","guid":{"rendered":"https:\/\/spee-advocaten.nl\/?page_id=2438"},"modified":"2024-10-29T16:42:18","modified_gmt":"2024-10-29T15:42:18","slug":"ondernemingsrecht","status":"publish","type":"page","link":"https:\/\/spee-advocaten.nl\/de\/ondernemingsrecht\/","title":{"rendered":"Wirtschaftsrecht"},"content":{"rendered":"<div data-elementor-type=\"wp-page\" data-elementor-id=\"2438\" class=\"elementor elementor-2438\" data-elementor-post-type=\"page\">\n\t\t\t\t<div class=\"elementor-element elementor-element-227b60b e-con-full seperator-line-overlay e-flex e-con e-parent\" data-id=\"227b60b\" data-element_type=\"container\" data-e-type=\"container\" data-settings=\"{&quot;background_background&quot;:&quot;classic&quot;}\">\n\t\t\t\t<\/div>\n\t\t<div class=\"elementor-element elementor-element-4d2ef89 seperator-line-overlay e-flex e-con-boxed e-con e-parent\" data-id=\"4d2ef89\" data-element_type=\"container\" data-e-type=\"container\">\n\t\t\t\t\t<div class=\"e-con-inner\">\n\t\t<div class=\"elementor-element elementor-element-c589315 e-con-full elementor-hidden-mobile e-flex e-con e-child\" data-id=\"c589315\" data-element_type=\"container\" data-e-type=\"container\">\n\t\t\t\t<div class=\"elementor-element elementor-element-adb3b1f seperator-line-overlay elementor-widget elementor-widget-image\" data-id=\"adb3b1f\" data-element_type=\"widget\" data-e-type=\"widget\" data-widget_type=\"image.default\">\n\t\t\t\t<div class=\"elementor-widget-container\">\n\t\t\t\t\t\t\t\t\t\t\t\t\t\t\t<img fetchpriority=\"high\" decoding=\"async\" width=\"800\" height=\"800\" src=\"https:\/\/spee-advocaten.nl\/wp-content\/uploads\/2020\/11\/ondernemingsrecht.jpg\" class=\"attachment-full size-full wp-image-598\" alt=\"SPEE advocaten &amp; mediation Maastricht\" srcset=\"https:\/\/spee-advocaten.nl\/wp-content\/uploads\/2020\/11\/ondernemingsrecht.jpg 800w, https:\/\/spee-advocaten.nl\/wp-content\/uploads\/2020\/11\/ondernemingsrecht-300x300.jpg 300w, https:\/\/spee-advocaten.nl\/wp-content\/uploads\/2020\/11\/ondernemingsrecht-150x150.jpg 150w, https:\/\/spee-advocaten.nl\/wp-content\/uploads\/2020\/11\/ondernemingsrecht-768x768.jpg 768w, https:\/\/spee-advocaten.nl\/wp-content\/uploads\/2020\/11\/ondernemingsrecht-570x570.jpg 570w, https:\/\/spee-advocaten.nl\/wp-content\/uploads\/2020\/11\/ondernemingsrecht-500x500.jpg 500w, https:\/\/spee-advocaten.nl\/wp-content\/uploads\/2020\/11\/ondernemingsrecht-700x700.jpg 700w\" sizes=\"(max-width: 800px) 100vw, 800px\" \/>\t\t\t\t\t\t\t\t\t\t\t\t\t\t\t<\/div>\n\t\t\t\t<\/div>\n\t\t\t\t<\/div>\n\t\t<div class=\"elementor-element elementor-element-4a36278 e-con-full e-flex e-con e-child\" data-id=\"4a36278\" data-element_type=\"container\" data-e-type=\"container\">\n\t\t\t\t<div class=\"elementor-element elementor-element-9d42b50 elementor-widget elementor-widget-heading\" data-id=\"9d42b50\" data-element_type=\"widget\" data-e-type=\"widget\" data-widget_type=\"heading.default\">\n\t\t\t\t<div class=\"elementor-widget-container\">\n\t\t\t\t\t<h2 class=\"elementor-heading-title elementor-size-default\">De beste Ondernemingsrecht advocaat?\nSPEE advocaten &amp; mediation!<\/h2>\t\t\t\t<\/div>\n\t\t\t\t<\/div>\n\t\t\t\t<div class=\"elementor-element elementor-element-f43dc73 elementor-widget elementor-widget-image\" data-id=\"f43dc73\" data-element_type=\"widget\" data-e-type=\"widget\" data-widget_type=\"image.default\">\n\t\t\t\t<div class=\"elementor-widget-container\">\n\t\t\t\t\t\t\t\t\t\t\t\t\t\t\t<img decoding=\"async\" width=\"348\" height=\"41\" src=\"https:\/\/spee-advocaten.nl\/wp-content\/uploads\/2020\/10\/seperator-spee-e1607000977873.png\" class=\"attachment-full size-full wp-image-426\" alt=\"SPEE advocaten &amp; mediation Maastricht\" srcset=\"https:\/\/spee-advocaten.nl\/wp-content\/uploads\/2020\/10\/seperator-spee-e1607000977873.png 348w, https:\/\/spee-advocaten.nl\/wp-content\/uploads\/2020\/10\/seperator-spee-e1607000977873-300x35.png 300w, https:\/\/spee-advocaten.nl\/wp-content\/uploads\/2020\/10\/seperator-spee-e1607000977873-345x41.png 345w, https:\/\/spee-advocaten.nl\/wp-content\/uploads\/2020\/10\/seperator-spee-e1607000977873-16x2.png 16w\" sizes=\"(max-width: 348px) 100vw, 348px\" \/>\t\t\t\t\t\t\t\t\t\t\t\t\t\t\t<\/div>\n\t\t\t\t<\/div>\n\t\t\t\t<div class=\"elementor-element elementor-element-81c7443 elementor-widget elementor-widget-text-editor\" data-id=\"81c7443\" data-element_type=\"widget\" data-e-type=\"widget\" data-widget_type=\"text-editor.default\">\n\t\t\t\t<div class=\"elementor-widget-container\">\n\t\t\t\t\t\t\t\t\t<ul><li>Ondernemingsrecht voor grote en kleine(re) ondernemingen<\/li><li>GmbH und AG nach niederl\u00e4ndischem Recht<\/li><li>OHG, Gesellschaften, KG, Einzelunternehmen nach niederl\u00e4ndischem Recht<\/li><li>Stiftungen und Vereinigungen<\/li><li>Erstellung von Aktion\u00e4rsvereinbarungen, Gesellschaftsvertr\u00e4gen<\/li><li>Gr\u00fcndung oder Beendigung von Joint Ventures<\/li><li>Aufl\u00f6sung von Gesellschaften<\/li><li>Firmen\u00fcbernahmen<\/li><li>Streitigkeiten zwischen Aktion\u00e4ren<\/li><li>Beschl\u00fcsse und Vertretungen<\/li><li>Interessenkonflikte und widerspr\u00fcchliche Interessen<\/li><li>Gesch\u00e4ftsf\u00fchrerhaftung<\/li><li>Konzernrecht<\/li><li>Mediation bei Streitigkeiten zwischen Aktion\u00e4ren, Gesellschaftern etc.<\/li><li>f\u00fcr gro\u00dfe und kleine(re) Unternehmen<\/li><li>GmbH und AG nach niederl\u00e4ndischem Recht<\/li><li>OHG, Gesellschaften, KG, Einzelunternehmen nach niederl\u00e4ndischem Recht<\/li><li>Stiftungen und Vereinigungen<\/li><li>Erstellung von Aktion\u00e4rsvereinbarungen, Gesellschaftsvertr\u00e4gen<\/li><li>Gr\u00fcndung oder Beendigung von Joint Ventures<\/li><li>Aufl\u00f6sung von Gesellschaften<\/li><li>Firmen\u00fcbernahmen<\/li><li>Streitigkeiten zwischen Aktion\u00e4ren<\/li><li>Beschl\u00fcsse und Vertretungen<\/li><li>Interessenkonflikte und widerspr\u00fcchliche Interessen<\/li><li>Gesch\u00e4ftsf\u00fchrerhaftung<\/li><li>Konzernrecht<\/li><li>Mediation bei Streitigkeiten zwischen Aktion\u00e4ren, Gesellschaftern etc.<\/li><\/ul>\t\t\t\t\t\t\t\t<\/div>\n\t\t\t\t<\/div>\n\t\t\t\t<\/div>\n\t\t\t\t\t<\/div>\n\t\t\t\t<\/div>\n\t\t<div class=\"elementor-element elementor-element-c144230 seperator-line-overlay e-flex e-con-boxed e-con e-parent\" data-id=\"c144230\" data-element_type=\"container\" data-e-type=\"container\" data-settings=\"{&quot;background_background&quot;:&quot;classic&quot;}\">\n\t\t\t\t\t<div class=\"e-con-inner\">\n\t\t<div class=\"elementor-element elementor-element-e9e7fde e-con-full elementor-hidden-mobile e-flex e-con e-child\" data-id=\"e9e7fde\" data-element_type=\"container\" data-e-type=\"container\">\n\t\t\t\t<div class=\"elementor-element elementor-element-185b286 seperator-line-overlay elementor-widget elementor-widget-image\" data-id=\"185b286\" data-element_type=\"widget\" data-e-type=\"widget\" data-widget_type=\"image.default\">\n\t\t\t\t<div class=\"elementor-widget-container\">\n\t\t\t\t\t\t\t\t\t\t\t\t\t\t\t<img decoding=\"async\" width=\"800\" height=\"800\" src=\"https:\/\/spee-advocaten.nl\/wp-content\/uploads\/2023\/06\/Spee-Advocaten-Monique_7630.jpeg\" class=\"attachment-full size-full wp-image-3226\" alt=\"SPEE advocaten &amp; mediation Maastricht\" srcset=\"https:\/\/spee-advocaten.nl\/wp-content\/uploads\/2023\/06\/Spee-Advocaten-Monique_7630.jpeg 800w, https:\/\/spee-advocaten.nl\/wp-content\/uploads\/2023\/06\/Spee-Advocaten-Monique_7630-300x300.jpeg 300w, https:\/\/spee-advocaten.nl\/wp-content\/uploads\/2023\/06\/Spee-Advocaten-Monique_7630-150x150.jpeg 150w, https:\/\/spee-advocaten.nl\/wp-content\/uploads\/2023\/06\/Spee-Advocaten-Monique_7630-768x768.jpeg 768w, https:\/\/spee-advocaten.nl\/wp-content\/uploads\/2023\/06\/Spee-Advocaten-Monique_7630-12x12.jpeg 12w, https:\/\/spee-advocaten.nl\/wp-content\/uploads\/2023\/06\/Spee-Advocaten-Monique_7630-570x570.jpeg 570w, https:\/\/spee-advocaten.nl\/wp-content\/uploads\/2023\/06\/Spee-Advocaten-Monique_7630-500x500.jpeg 500w, https:\/\/spee-advocaten.nl\/wp-content\/uploads\/2023\/06\/Spee-Advocaten-Monique_7630-700x700.jpeg 700w\" sizes=\"(max-width: 800px) 100vw, 800px\" \/>\t\t\t\t\t\t\t\t\t\t\t\t\t\t\t<\/div>\n\t\t\t\t<\/div>\n\t\t\t\t<\/div>\n\t\t<div class=\"elementor-element elementor-element-a183fca e-con-full e-flex e-con e-child\" data-id=\"a183fca\" data-element_type=\"container\" data-e-type=\"container\">\n\t\t\t\t<div class=\"elementor-element elementor-element-4ddf05e elementor-widget elementor-widget-heading\" data-id=\"4ddf05e\" data-element_type=\"widget\" data-e-type=\"widget\" data-widget_type=\"heading.default\">\n\t\t\t\t<div class=\"elementor-widget-container\">\n\t\t\t\t\t<h2 class=\"elementor-heading-title elementor-size-default\">SPEE advocaten &amp; mediation<\/h2>\t\t\t\t<\/div>\n\t\t\t\t<\/div>\n\t\t\t\t<div class=\"elementor-element elementor-element-afb92e8 elementor-widget elementor-widget-image\" data-id=\"afb92e8\" data-element_type=\"widget\" data-e-type=\"widget\" data-widget_type=\"image.default\">\n\t\t\t\t<div class=\"elementor-widget-container\">\n\t\t\t\t\t\t\t\t\t\t\t\t\t\t\t<img decoding=\"async\" width=\"348\" height=\"41\" src=\"https:\/\/spee-advocaten.nl\/wp-content\/uploads\/2020\/10\/seperator-spee-e1607000977873.png\" class=\"attachment-full size-full wp-image-426\" alt=\"SPEE advocaten &amp; mediation Maastricht\" srcset=\"https:\/\/spee-advocaten.nl\/wp-content\/uploads\/2020\/10\/seperator-spee-e1607000977873.png 348w, https:\/\/spee-advocaten.nl\/wp-content\/uploads\/2020\/10\/seperator-spee-e1607000977873-300x35.png 300w, https:\/\/spee-advocaten.nl\/wp-content\/uploads\/2020\/10\/seperator-spee-e1607000977873-345x41.png 345w, https:\/\/spee-advocaten.nl\/wp-content\/uploads\/2020\/10\/seperator-spee-e1607000977873-16x2.png 16w\" sizes=\"(max-width: 348px) 100vw, 348px\" \/>\t\t\t\t\t\t\t\t\t\t\t\t\t\t\t<\/div>\n\t\t\t\t<\/div>\n\t\t\t\t<div class=\"elementor-element elementor-element-deeb4e7 elementor-widget elementor-widget-text-editor\" data-id=\"deeb4e7\" data-element_type=\"widget\" data-e-type=\"widget\" data-widget_type=\"text-editor.default\">\n\t\t\t\t<div class=\"elementor-widget-container\">\n\t\t\t\t\t\t\t\t\t<p>Sinds de oprichting van ons kantoor op 1 mei 2005, behartigt SPEE advocaten &amp; mediation met genoegen de (juridische) belangen van zowel ondernemingen als particulieren. Wij adviseren en procederen (indien nodig) over uw ondernemingsrechtelijk geschil. De rechtsgebieden waarvoor u bij SPEE advocaten &amp; mediation terecht kunt, vindt u onder de knop \u201cadvocatuur\u201d op onze website. Onder de knop \u201cmediation\u201d, treft u informatie aan over onze mediator en over wat mediation inhoudt. Uiteraard kunt u ons voor meer informatie ook altijd vrijblijvend bellen of e-mailen.<br \/><span style=\"color: #ede0d5;\">.<\/span><br \/>Charakteristisch f\u00fcr unsere Kanzlei sind der hohe juristische Anspruch und die unb\u00fcrokratische Vorgehensweise in Verbindung mit einem professionellen, sachlichen Ansatz. Dar\u00fcber hinaus sind uns Proaktivit\u00e4t und Tempo sehr wichtig. Sie m\u00f6chten schlie\u00dflich, dass wir Ihnen rundum alle Sorgen abnehmen. Au\u00dferdem verlieren wir auch den pers\u00f6nlichen Aspekt, der beinahe jedem Rechtsstreit innewohnt, nie aus den Augen.<br \/><span style=\"color: #ede0d5;\">.<\/span><br \/>Advocaat ondernemingsrecht? SPEE advocaten &amp; mediation heeft naast eigen advocaten op dit vlak, een jurist en een mediator ook een gedegen netwerk van externe professionals, zoals fiscalisten, accountants en andere advocaten en mediators, ook in bijvoorbeeld Belgi\u00eb en Duitsland, met wie nauw samengewerkt wordt indien uw belang dat vraagt. Mede daardoor zijn wij in staat om op een groot aantal rechtsgebieden en zowel nationaal als internationaal deskundig advies, (proces)bijstand en mediation aan te bieden. De eigen advocaten, jurist en mediator en de externe professionals bundelen hun kennis, ervaring en persoonlijke vaardigheden, waarbij een optimaal resultaat voor u, uiteraard altijd voorop staat.<br \/><span style=\"color: #ede0d5;\">.<\/span><br \/>Alle in der Kanzlei t\u00e4tigen Rechtsanw\u00e4lte sind Mitglied der niederl\u00e4ndischen Anwaltskammer\u00a0<a href=\"https:\/\/www.advocatenorde.nl\/\" target=\"_blank\" rel=\"noopener\">(Nederlandse Orde van Advocaten)<\/a>.<\/p>\t\t\t\t\t\t\t\t<\/div>\n\t\t\t\t<\/div>\n\t\t\t\t<\/div>\n\t\t\t\t\t<\/div>\n\t\t\t\t<\/div>\n\t\t\t\t<\/div>","protected":false},"excerpt":{"rendered":"<p>De beste Ondernemingsrecht advocaat? SPEE advocaten &#038; mediation! Ondernemingsrecht voor grote en kleine(re) ondernemingen BV en NV; VOF, maatschap, CV, eenmanszaak Stichting en vereniging Opstellen aandeelhoudersovereenkomst, VOF-contract, maatschapscontract Oprichten of be\u00ebindigen joint venture Be\u00ebindiging VOF, maatschap, CV Bedrijfsovername Geschillen tussen aandeelhouders Besluitvorming en vertegenwoordiging Belangenvermenging en tegenstrijdig belang Bestuurdersaansprakelijkheid Concernrecht Mediation bij geschillen aandeelhouders, vennoten [&hellip;]<\/p>\n","protected":false},"author":1,"featured_media":3239,"parent":0,"menu_order":0,"comment_status":"closed","ping_status":"closed","template":"elementor_header_footer","meta":{"iawp_total_views":63,"footnotes":""},"landingspagina":[12],"class_list":["post-2438","page","type-page","status-publish","has-post-thumbnail","hentry","landingspagina-landingspagina"],"_links":{"self":[{"href":"https:\/\/spee-advocaten.nl\/de\/wp-json\/wp\/v2\/pages\/2438","targetHints":{"allow":["GET"]}}],"collection":[{"href":"https:\/\/spee-advocaten.nl\/de\/wp-json\/wp\/v2\/pages"}],"about":[{"href":"https:\/\/spee-advocaten.nl\/de\/wp-json\/wp\/v2\/types\/page"}],"author":[{"embeddable":true,"href":"https:\/\/spee-advocaten.nl\/de\/wp-json\/wp\/v2\/users\/1"}],"replies":[{"embeddable":true,"href":"https:\/\/spee-advocaten.nl\/de\/wp-json\/wp\/v2\/comments?post=2438"}],"version-history":[{"count":5,"href":"https:\/\/spee-advocaten.nl\/de\/wp-json\/wp\/v2\/pages\/2438\/revisions"}],"predecessor-version":[{"id":5404,"href":"https:\/\/spee-advocaten.nl\/de\/wp-json\/wp\/v2\/pages\/2438\/revisions\/5404"}],"wp:featuredmedia":[{"embeddable":true,"href":"https:\/\/spee-advocaten.nl\/de\/wp-json\/wp\/v2\/media\/3239"}],"wp:attachment":[{"href":"https:\/\/spee-advocaten.nl\/de\/wp-json\/wp\/v2\/media?parent=2438"}],"wp:term":[{"taxonomy":"landingspagina","embeddable":true,"href":"https:\/\/spee-advocaten.nl\/de\/wp-json\/wp\/v2\/landingspagina?post=2438"}],"curies":[{"name":"wp","href":"https:\/\/api.w.org\/{rel}","templated":true}]}}