{"id":1517,"date":"2020-12-01T15:53:19","date_gmt":"2020-12-01T14:53:19","guid":{"rendered":"https:\/\/043test.nl\/?page_id=1517"},"modified":"2024-10-29T16:42:35","modified_gmt":"2024-10-29T15:42:35","slug":"privacyverklaring","status":"publish","type":"page","link":"https:\/\/spee-advocaten.nl\/de\/privacyverklaring\/","title":{"rendered":"Erkl\u00e4rung zum Datenschutz"},"content":{"rendered":"<div data-elementor-type=\"wp-page\" data-elementor-id=\"1517\" class=\"elementor elementor-1517\" data-elementor-post-type=\"page\">\n\t\t\t\t<div class=\"elementor-element elementor-element-ef1f7b1 e-con-full seperator-line-overlay e-flex e-con e-parent\" data-id=\"ef1f7b1\" data-element_type=\"container\" data-e-type=\"container\" data-settings=\"{&quot;background_background&quot;:&quot;classic&quot;}\">\n\t\t\t\t<\/div>\n\t\t<div class=\"elementor-element elementor-element-019cd88 seperator-line-overlay e-flex e-con-boxed e-con e-parent\" data-id=\"019cd88\" data-element_type=\"container\" data-e-type=\"container\">\n\t\t\t\t\t<div class=\"e-con-inner\">\n\t\t\t\t<div class=\"elementor-element elementor-element-4fd1f37 elementor-widget elementor-widget-heading\" data-id=\"4fd1f37\" data-element_type=\"widget\" data-e-type=\"widget\" data-widget_type=\"heading.default\">\n\t\t\t\t<div class=\"elementor-widget-container\">\n\t\t\t\t\t<h2 class=\"elementor-heading-title elementor-size-default\">Datenschutzerkl\u00e4rung der SPEE advocaten B.V., Handelsname SPEE advocaten &amp; mediation<\/h2>\t\t\t\t<\/div>\n\t\t\t\t<\/div>\n\t\t\t\t<div class=\"elementor-element elementor-element-6817359 elementor-widget elementor-widget-image\" data-id=\"6817359\" data-element_type=\"widget\" data-e-type=\"widget\" data-widget_type=\"image.default\">\n\t\t\t\t<div class=\"elementor-widget-container\">\n\t\t\t\t\t\t\t\t\t\t\t\t\t\t\t<img decoding=\"async\" width=\"348\" height=\"41\" src=\"https:\/\/spee-advocaten.nl\/wp-content\/uploads\/2020\/10\/seperator-spee-e1607000977873.png\" class=\"attachment-full size-full wp-image-426\" alt=\"SPEE advocaten &amp; mediation Maastricht\" srcset=\"https:\/\/spee-advocaten.nl\/wp-content\/uploads\/2020\/10\/seperator-spee-e1607000977873.png 348w, https:\/\/spee-advocaten.nl\/wp-content\/uploads\/2020\/10\/seperator-spee-e1607000977873-300x35.png 300w, https:\/\/spee-advocaten.nl\/wp-content\/uploads\/2020\/10\/seperator-spee-e1607000977873-345x41.png 345w, https:\/\/spee-advocaten.nl\/wp-content\/uploads\/2020\/10\/seperator-spee-e1607000977873-16x2.png 16w\" sizes=\"(max-width: 348px) 100vw, 348px\" \/>\t\t\t\t\t\t\t\t\t\t\t\t\t\t\t<\/div>\n\t\t\t\t<\/div>\n\t\t\t\t<div class=\"elementor-element elementor-element-1457791 elementor-widget elementor-widget-text-editor\" data-id=\"1457791\" data-element_type=\"widget\" data-e-type=\"widget\" data-widget_type=\"text-editor.default\">\n\t\t\t\t<div class=\"elementor-widget-container\">\n\t\t\t\t\t\t\t\t\t<p style=\"text-align: justify;\"><strong>Einleitung<\/strong><br \/>SPEE advocaten &amp; mediation ist f\u00fcr die Verarbeitung personenbezogener Daten verantwortlich, wie in der vorliegenden Datenschutzerkl\u00e4rung erl\u00e4utert wird. Wir haben diese Datenschutzerkl\u00e4rung aufgesetzt, um Sie \u00fcber den Umgang mit Ihren personenbezogenen Daten und Ihre diesbez\u00fcglichen Rechte zu informieren. Diese Datenschutzerkl\u00e4rung gilt f\u00fcr die Verarbeitung personen-bezogener Daten unserer Mandanten, potenzieller Mandanten und anderer Personen, die unsere Website besuchen oder mit uns in Kontakt stehen.<br \/><span style=\"color: #ffffff;\">.<\/span><br \/>Falls Sie nach dem Lesen dieser Datenschutzerkl\u00e4rung noch Fragen zu unserem Umgang mit personenbezogenen Daten haben, falls Sie Ihre hier genannten Rechte aufgrund der Datenschutzverordnung (in den Niederlanden: Algemene Verordening Gegevensbescherming, AVG) oder aufgrund anderer Gesetze und Verordnungen auf dem Gebiet des Datenschutzes in Anspruch nehmen oder eine Beschwerde \u00fcber die Nutzung Ihrer personenbezogenen Daten einreichen m\u00f6chten, erreichen Sie uns \u00fcber die folgenden Kontaktangaben:<br \/><span style=\"color: #ffffff;\">.<\/span><br \/><strong>Kontaktangaben<\/strong><br \/>SPEE advocaten B.V.<br \/><a href=\"https:\/\/spee-advocaten.nl\/de\/\">http:\/\/www.spee-advocaten.nl<\/a><br \/><a href=\"mailto:info@spee-advocaten.nl\">info@spee-advocaten.nl<\/a><br \/>Wilhelminasingel 98, 6221 BL Maastricht<br \/>Telefonnummer +31 (0)43-3652088<br \/><span style=\"color: #ffffff;\">.<\/span><br \/><strong>Von uns verarbeitete personenbezogene Daten<\/strong><br \/>SPEE advocaten &amp; mediation verarbeitet Ihre personenbezogene Daten, da Sie unsere Dienstleistungen nutzen und\/oder da Sie uns die Daten selbst bereitstellen. Wir verarbeiten die nachstehenden personenbezogenen Daten:<\/p><ul><li style=\"text-align: justify;\">Vor- und Nachname<\/li><li style=\"text-align: justify;\">Geschlecht<\/li><li style=\"text-align: justify;\">Geburtsdatum<\/li><li style=\"text-align: justify;\">Geburtsort<\/li><li style=\"text-align: justify;\">Adresse<\/li><li style=\"text-align: justify;\">Telefonnummer<\/li><li style=\"text-align: justify;\">E-Mail-Adresse<\/li><li style=\"text-align: justify;\">Nummer von Personalausweis oder F\u00fchrerschein<\/li><li style=\"text-align: justify;\">Handelsregisternummer<\/li><li style=\"text-align: justify;\">Bankkontonummer<\/li><li style=\"text-align: justify;\">Weitere personenbezogene Daten, die Sie durch das Ausf\u00fcllen unseres Kontaktformulars auf der Website, in Korrespondenz und Telefongespr\u00e4chen sowie durch die Vorlage von Schriftst\u00fccken, die diese Daten enthalten, aktiv vorlegen, sind.<\/li><\/ul><p style=\"text-align: justify;\"><span style=\"color: #ffffff;\">.<\/span><br \/><strong>Von uns verarbeitete besondere bzw. sensible personenbezogene Daten<\/strong><br \/>SPEE advocaten &amp; mediation verarbeitet die folgenden besonderen bzw. sensiblen personenbezogenen Daten:<\/p><ul><li style=\"text-align: justify;\">niederl\u00e4ndische B\u00fcrgerservicenummer (BSN)<\/li><li style=\"text-align: justify;\">gegebenenfalls Mitgliedschaft in einer Gewerkschaft (im gegebenen Fall, sofern dies f\u00fcr die Vertretung Ihrer Interessen relevant ist)<\/li><li style=\"text-align: justify;\">gesundheitsbezogene Daten (im gegebenen Fall, sofern dies f\u00fcr die Vertretung Ihrer Interessen relevant ist)<\/li><li style=\"text-align: justify;\">Daten von Personen unter 16 Jahren (im gegebenen Fall, sofern dies f\u00fcr die Vertretung Ihrer Interessen relevant ist) &lt;<\/li><li style=\"text-align: justify;\">verschiedene finanzielle und steuerliche Daten (im gegebenen Fall, sofern dies f\u00fcr die Vertretung Ihrer Interessen relevant ist).<\/li><\/ul><p style=\"text-align: justify;\"><span style=\"color: #ffffff;\">.<\/span><br \/>Es ist nicht die Absicht, \u00fcber unsere Website bzw. unsere Dienstleistung Daten von Websitebesuchern unter 16 Jahren zu sammeln. Deren Daten d\u00fcrfen nur mit Einwilligung des Erziehungsberechtigten (Eltern oder Vormund) erfasst werden. Da wir jedoch nicht kontrollieren k\u00f6nnen, ob ein Besucher \u00e4lter als 16 Jahre ist, empfehlen wir Eltern, sich \u00fcber die Online-Aktivit\u00e4ten ihrer Kinder zu informieren, um zu verhindern, dass ohne ihre Zustimmung Daten von Kindern erhoben werden. Wenn Sie der Ansicht sind, dass wir ohne diese Zustimmung personenbezogene Daten eines Minderj\u00e4hrigen gesammelt haben, setzen Sie sich bitte mit uns in Verbindung; wir werden diese Daten dann l\u00f6schen.<\/p><p style=\"text-align: justify;\"><span style=\"color: #ffffff;\">.<\/span><br \/>Zweck und Grundlage der Verarbeitung personenbezogener Daten<br \/>SPEE advocaten &amp; mediation verarbeitet personenbezogene Daten f\u00fcr folgende Zwecke:<\/p><ul><li style=\"text-align: justify;\">zur Erf\u00fcllung eines Dienstleistungsvertrages, den wir mit Ihnen abschlie\u00dfen, gegebenenfalls das F\u00fchren eines Gerichtsverfahrens, bei dem Sie Verfahrenspartei sind, oder die Durchf\u00fchrung eine Mediation<\/li><li style=\"text-align: justify;\">zur Abwicklung Ihrer Zahlung<\/li><li style=\"text-align: justify;\">zum Eintreiben von Zahlungen und Ergreifen von Inkassoma\u00dfnahmen<\/li><li style=\"text-align: justify;\">zum Versenden unseres Newsletters per E-Mail und\/oder von Einladungen zu unseren Veranstaltungen, z. B. Seminare, an bestehende Kunden. Besteht keine Kundenbeziehung, dann werden wir die betreffende Person um Zustimmung f\u00fcr die Versendung von Newsletters oder Einladungen bitten<\/li><li style=\"text-align: justify;\">um Sie telefonisch oder per E-Mail erreichen zu k\u00f6nnen, wenn dies zur Durchf\u00fchrung unserer Dienstleistungen notwendig ist<\/li><li style=\"text-align: justify;\">um Sie \u00fcber \u00c4nderungen unserer Dienstleistungen und Produkte zu informieren<\/li><li style=\"text-align: justify;\">um unsere gesetzlichen Verpflichtungen zu erf\u00fcllen.<\/li><\/ul><p style=\"text-align: justify;\"><span style=\"color: #ffffff;\">.<\/span><br \/><strong>Wir verarbeiten bestimmte personenbezogene Daten aufgrund einer oder mehrerer der nachstehenden Grundlagen:<\/strong><\/p><ul><li style=\"text-align: justify;\">Ihre ausdr\u00fcckliche Zustimmung zur Verarbeitung Ihrer personenbezogenen Daten f\u00fcr einen oder mehrere spezifische Zwecke. Werden personenbezogenen Daten aufgrund einer diesbez\u00fcglichen Zustimmung verarbeitet, werden wie Sie separat um diese Zustimmung bitten. Erteilen Sie diese Zustimmung nicht, dann kann dies bedeuten, dass wir Ihre Interessen m\u00f6glicherweise nicht oder nicht ordnungsgem\u00e4\u00df vertreten k\u00f6nnen<\/li><li style=\"text-align: justify;\">um den mit Ihnen geschlossenen Vertrag erf\u00fcllen zu k\u00f6nnen<\/li><li style=\"text-align: justify;\">um unsere gesetzlichen Verpflichtungen erf\u00fcllen zu k\u00f6nnen<\/li><li style=\"text-align: justify;\">weil wir ein berechtigtes Interesse daran haben, beispielsweise:<br \/>o eine m\u00f6glichst effiziente Erbringung unserer Dienstleistungen<br \/>o die Tatsache, dass unsere Kanzlei Sie \u00fcber aktuelle Entwicklungen und Veranstaltungen informieren m\u00f6chten (im Falle einer bestehenden Kundenbeziehung)<br \/>o der Schutz unserer finanziellen Interessen<br \/>o die Verbesserung unserer Dienstleistungen<br \/>o die Sicherheit und Verwaltung unserer Systeme.<\/li><\/ul><p style=\"text-align: justify;\"><span style=\"color: #ffffff;\">.<\/span><br \/><strong>Automatisierte Entscheidungen<\/strong><br \/>SPEE advocaten &amp; mediation trifft Entscheidungen \u00fcber Angelegenheiten, die unter Umst\u00e4nden (erhebliche) Folgen f\u00fcr Personen nach sich ziehen, nicht auf der Grundlage automatisierter Verarbeitungsvorg\u00e4nge. Dabei handelt es sich um Entscheidungen, die von Computerprogrammen oder -systemen ohne menschliches Eingreifen (z. B. durch einen Mitarbeiter von SPEE advocaten &amp; mediation) getroffen werden.<br \/><span style=\"color: #ffffff;\">.<\/span><br \/><strong>Aufbewahrungsfristen f\u00fcr personenbezogene Daten<\/strong><br \/>SPEE advocaten &amp; mediation speichert Ihre personenbezogenen Daten nicht l\u00e4nger, als dies f\u00fcr die Zwecke, f\u00fcr die diese Daten erfasst wurden, strikt notwendig ist. Die Akten von Mandanten unserer Kanzlei werden 7 Jahre aufbewahrt, unter anderem zur Erf\u00fcllung unserer Aufbewahrungspflicht von Steuerunterlagen. Anschlie\u00dfend werden die Unterlagen vernichtet. Wenn Sie Kontakt mit unserer Kanzlei aufgenommen haben, aber kein Kunde geworden sind, speichern wir Ihre Daten h\u00f6chstens 1 Monat lang.<br \/><span style=\"color: #ffffff;\">.<\/span><br \/><strong>Weiterleitung personenbezogener Daten an Dritte<\/strong><br \/>Sofern dies zur Erf\u00fcllung des Vertrags und zur Einhaltung einer etwaigen gesetzlichen Verpflichtung notwendig ist, teilt SPEE advocaten &amp; mediation personenbezogene Daten mit verschiedenen Dritten. Mit Unternehmen, die Ihre Daten in unserem Auftrag verarbeiten (z. B. unser IKT-Provider), schlie\u00dfen wir Verarbeitungsvertr\u00e4ge, um sicherzustellen, dass dabei die gleichen Sicherheits- und Vertraulichkeitsstandards gelten. Die Verantwortung f\u00fcr diese Verarbeitungen liegt weiterhin bei SPEE advocaten &amp; mediation. Dar\u00fcber hinaus leitet SPEE advocaten &amp; mediation Ihre personenbezogenen Daten gegebenenfalls an andere Dritte weiter, jedoch nur mit Ihrer ausdr\u00fccklichen Zustimmung.<br \/><span style=\"color: #ffffff;\">.<\/span><br \/><strong>Von uns verwendete Cookies oder vergleichbare technische Mittel<\/strong><br \/>SPEE advocaten &amp; mediation verwendet lediglich technische und funktionale Cookies sowie analytische Cookies, die Ihre Privatsph\u00e4re nicht beeintr\u00e4chtigen. Ein Cookie ist eine kleine Textdatei, die beim ersten Besuch dieser Website auf Ihrem Computer, Tablet oder Smartphone gespeichert wird. Die von uns verwendeten Cookies sind f\u00fcr den technischen Betrieb der Website und den Benutzerkomfort notwendig. Sie erm\u00f6glichen, dass die Website ordnungsgem\u00e4\u00df funktioniert, und speichern beispielsweise die von Ihnen gew\u00fcnschten Einstellungen. Au\u00dferdem bieten sie uns die M\u00f6glichkeit, unsere Website zu optimieren. Mithilfe der Einstellungen Ihres Internetbrowsers k\u00f6nnen Sie die Speicherung von Cookies verhindern, sodass keine Cookies mehr abgelegt werden. Au\u00dferdem k\u00f6nnen Sie alle zu einem fr\u00fcheren Zeitpunkt gespeicherten Informationen mittels der Einstellungen Ihres Browsers l\u00f6schen.<br \/><span style=\"color: #ffffff;\">.<\/span><br \/><strong>Datenauskunft, -anpassung oder -l\u00f6schung<\/strong><br \/>Sie haben das Recht, Auskunft \u00fcber Ihre personenbezogenen Daten zu erhalten, diese zu berichtigen oder zu l\u00f6schen. Dar\u00fcber hinaus haben Sie das Recht, Ihre eventuelle Einwilligung zu der Datenverarbeitung zu widerrufen, das Recht, Einspruch gegen die Verarbeitung Ihrer personenbezogenen Daten durch SPEE advocaten &amp; mediation zu erheben, und ein Recht auf Daten\u00fcbertragbarkeit. Das bedeutet, dass Sie uns auffordern k\u00f6nnen, die bei uns vorhandenen, auf Sie bezogenen Daten in einem Computerbestand an Sie oder eine andere, von Ihnen genannte Organisation zu \u00fcbertragen.<br \/><span style=\"color: #ffffff;\">.<\/span><br \/>Sie k\u00f6nnen Auskunftsersuchen, Antr\u00e4ge auf Datenberichtigung, -l\u00f6schung und -\u00fcbertragung Ihrer personenbezogenen Daten, einen Widerruf Ihrer Zustimmung oder eine Beschwerde \u00fcber die Verarbeitung Ihrer personenbezogenen Daten \u00fcber die Kontaktangaben, die oben in dieser Datenerkl\u00e4rung genannt wurden, senden. Um sicher zu sein, dass das Auskunftsersuchen von Ihnen stammt, bitten wir Sie, dem Antrag eine Kopie Ihres Personalausweises beizulegen. Machen Sie in dieser Kopie Ihr Passfoto, die MRZ (machine readable zone, das ist der Streifen mit Ziffern unten im Personalausweis, die Ausweisnummer und (bei einem niederl\u00e4ndischen Ausweis) die B\u00fcrgerservicenummer (BSN) mit einem schwarzen Stift unlesbar, damit diese Angaben nicht offengelegt werden. Wir werden auf Ihr Ersuchen so schnell wie m\u00f6glich, auf jeden Fall innerhalb von vier Wochen reagieren.<br \/><span style=\"color: #ffffff;\">.<\/span><br \/>SPEE advocaten &amp; mediation weist Sie auch darauf hin, dass Sie die M\u00f6glichkeit haben, eine Beschwerde bei der nationalen Aufsichtsbeh\u00f6rde (in den Niederlanden die Autoriteit Persoonsgegevens) einzureichen. Nutzen Sie dazu den folgenden Link: <a href=\"https:\/\/autoriteitpersoonsgegevens.nl\/nl\/contact-met-de-autoriteit-persoonsgegevens\/tip-ons\" target=\"_blank\" rel=\"noopener\">https:\/\/autoriteitpersoonsgegevens.nl\/nl\/contact-met-de-autoriteit-persoonsgegevens\/tip-ons<\/a><br \/><span style=\"color: #ffffff;\">.<\/span><br \/>Wir sind jedoch immer bestrebt, bei Fragen, Anmerkungen oder Beschwerden mit Ihnen zu einer Einigung zu gelangen.<br \/><span style=\"color: #ffffff;\">.<\/span><br \/><strong>Sicherheitsma\u00dfnahmen in Bezug auf personenbezogene Daten<\/strong><br \/>SPEE advocaten &amp; mediation setzt sich verantwortungsvoll f\u00fcr den Schutz Ihrer Daten ein und ergreift angemessene Ma\u00dfnahmen, um Missbrauch, Verlust, unbefugten Zugriff, unerw\u00fcnschte Offenlegung und unerlaubte \u00c4nderungen zu verhindern. Bitte informieren Sie uns, wenn Sie den Eindruck haben, dass Ihre Daten nicht gut gesichert sind, oder Hinweise auf einen Datenmissbrauch haben. Unsere Kontaktangaben finden Sie oben in dieser Erkl\u00e4rung.<br \/><span style=\"color: #ffffff;\">.<\/span><br \/>SPEE advocaten &amp; mediation kann diese Datenschutzerkl\u00e4rung anpassen. Neuere Fassungen werden immer auf der Website ver\u00f6ffentlicht. Wir empfehlen Ihnen daher, diese Erkl\u00e4rung regelm\u00e4\u00dfig zu lesen, damit Sie \u00fcber \u00c4nderungen informiert sind.<\/p>\t\t\t\t\t\t\t\t<\/div>\n\t\t\t\t<\/div>\n\t\t\t\t\t<\/div>\n\t\t\t\t<\/div>\n\t\t\t\t<\/div>","protected":false},"excerpt":{"rendered":"<p>Privacyverklaring SPEE advocaten B.V. InleidingSPEE advocaten &amp; mediation is verantwoordelijk voor de verwerking van persoonsgegevens zoals weergegeven in deze privacyverklaring. Deze privacyverklaring hebben wij opgesteld om u te informeren over hoe wij met uw persoonsgegevens omgaan en over de rechten die u heeft. Deze privacyverklaring is van toepassing op de verwerking van persoonsgegevens van onze [&hellip;]<\/p>\n","protected":false},"author":1,"featured_media":3239,"parent":0,"menu_order":0,"comment_status":"closed","ping_status":"closed","template":"elementor_header_footer","meta":{"iawp_total_views":26,"footnotes":""},"landingspagina":[],"class_list":["post-1517","page","type-page","status-publish","has-post-thumbnail","hentry"],"_links":{"self":[{"href":"https:\/\/spee-advocaten.nl\/de\/wp-json\/wp\/v2\/pages\/1517","targetHints":{"allow":["GET"]}}],"collection":[{"href":"https:\/\/spee-advocaten.nl\/de\/wp-json\/wp\/v2\/pages"}],"about":[{"href":"https:\/\/spee-advocaten.nl\/de\/wp-json\/wp\/v2\/types\/page"}],"author":[{"embeddable":true,"href":"https:\/\/spee-advocaten.nl\/de\/wp-json\/wp\/v2\/users\/1"}],"replies":[{"embeddable":true,"href":"https:\/\/spee-advocaten.nl\/de\/wp-json\/wp\/v2\/comments?post=1517"}],"version-history":[{"count":5,"href":"https:\/\/spee-advocaten.nl\/de\/wp-json\/wp\/v2\/pages\/1517\/revisions"}],"predecessor-version":[{"id":5407,"href":"https:\/\/spee-advocaten.nl\/de\/wp-json\/wp\/v2\/pages\/1517\/revisions\/5407"}],"wp:featuredmedia":[{"embeddable":true,"href":"https:\/\/spee-advocaten.nl\/de\/wp-json\/wp\/v2\/media\/3239"}],"wp:attachment":[{"href":"https:\/\/spee-advocaten.nl\/de\/wp-json\/wp\/v2\/media?parent=1517"}],"wp:term":[{"taxonomy":"landingspagina","embeddable":true,"href":"https:\/\/spee-advocaten.nl\/de\/wp-json\/wp\/v2\/landingspagina?post=1517"}],"curies":[{"name":"wp","href":"https:\/\/api.w.org\/{rel}","templated":true}]}}